{"id":2698,"date":"2025-04-12T14:12:08","date_gmt":"2025-04-12T14:12:08","guid":{"rendered":"https:\/\/jamabearing.com\/?post_type=product&#038;p=2698"},"modified":"2025-04-12T14:12:08","modified_gmt":"2025-04-12T14:12:08","slug":"selo-do-oleo","status":"publish","type":"product","link":"https:\/\/jamabearing.com\/pt\/produto\/selo-do-oleo\/","title":{"rendered":"Selo do \u00f3leo"},"content":{"rendered":"<table class=\"table table-bordered table-hover\">\n<tbody>\n<tr class=\"firstRow\">\n<td align=\"left\" valign=\"middle\" width=\"176\"><strong>Tipo de rolamento<\/strong><\/td>\n<td width=\"856\">Selo do \u00f3leo<\/td>\n<\/tr>\n<tr>\n<td width=\"50\"><strong>O material do rolamento<\/strong><\/td>\n<td width=\"856\">Borracha nitr\u00edlica,  Fl\u00faor borracha, borracha de silicone, etc<\/td>\n<\/tr>\n<tr>\n<td colspan=\"1\" rowspan=\"1\" width=\"50\"><strong>N\u00famero modelo:\u00a0<\/strong><\/td>\n<td colspan=\"1\" rowspan=\"1\" width=\"856\">SF S\u00e9rie , TC s\u00e9rie, TB s\u00e9rie, HTC9 series, SCY s\u00e9rie, SCJY series, VSB series, HTBW s\u00e9rie, TCN s\u00e9rie,  USH s\u00e9rie etc.<\/td>\n<\/tr>\n<tr>\n<td width=\"50\"><strong>Embalagem<\/strong><\/td>\n<td width=\"856\">JAMA Individual Caixa<\/td>\n<\/tr>\n<\/tbody>\n<\/table>","protected":false},"excerpt":{"rendered":"<p><strong>Tipo:<\/strong> Selo do \u00f3leo<br \/>\n<strong>Marca:<\/strong> JAMA<br \/>\n<strong>N\u00famero modelo:<\/strong> SF S\u00e9rie, TC s\u00e9rie, TB s\u00e9rie , HTC9 series, SCY s\u00e9rie, VSB series, HTBW s\u00e9rie etc.<br \/>\n<strong>Material:<\/strong> Borracha nitr\u00edlica, borracha de Fl\u00faor, borracha de silicone etc<\/p>","protected":false},"featured_media":2700,"comment_status":"open","ping_status":"closed","template":"","meta":{"_acf_changed":false,"site-sidebar-layout":"default","site-content-layout":"","ast-site-content-layout":"default","site-content-style":"default","site-sidebar-style":"default","ast-global-header-display":"","ast-banner-title-visibility":"","ast-main-header-display":"","ast-hfb-above-header-display":"","ast-hfb-below-header-display":"","ast-hfb-mobile-header-display":"","site-post-title":"","ast-breadcrumbs-content":"","ast-featured-img":"","footer-sml-layout":"","theme-transparent-header-meta":"default","adv-header-id-meta":"","stick-header-meta":"default","header-above-stick-meta":"","header-main-stick-meta":"","header-below-stick-meta":"","astra-migrate-meta-layouts":"set","ast-page-background-enabled":"default","ast-page-background-meta":{"desktop":{"background-color":"","background-image":"","background-repeat":"repeat","background-position":"center center","background-size":"auto","background-attachment":"scroll","background-type":"","background-media":"","overlay-type":"","overlay-color":"","overlay-opacity":"","overlay-gradient":""},"tablet":{"background-color":"","background-image":"","background-repeat":"repeat","background-position":"center center","background-size":"auto","background-attachment":"scroll","background-type":"","background-media":"","overlay-type":"","overlay-color":"","overlay-opacity":"","overlay-gradient":""},"mobile":{"background-color":"","background-image":"","background-repeat":"repeat","background-position":"center center","background-size":"auto","background-attachment":"scroll","background-type":"","background-media":"","overlay-type":"","overlay-color":"","overlay-opacity":"","overlay-gradient":""}},"ast-content-background-meta":{"desktop":{"background-color":"var(--ast-global-color-5)","background-image":"","background-repeat":"repeat","background-position":"center center","background-size":"auto","background-attachment":"scroll","background-type":"","background-media":"","overlay-type":"","overlay-color":"","overlay-opacity":"","overlay-gradient":""},"tablet":{"background-color":"var(--ast-global-color-5)","background-image":"","background-repeat":"repeat","background-position":"center center","background-size":"auto","background-attachment":"scroll","background-type":"","background-media":"","overlay-type":"","overlay-color":"","overlay-opacity":"","overlay-gradient":""},"mobile":{"background-color":"var(--ast-global-color-5)","background-image":"","background-repeat":"repeat","background-position":"center center","background-size":"auto","background-attachment":"scroll","background-type":"","background-media":"","overlay-type":"","overlay-color":"","overlay-opacity":"","overlay-gradient":""}}},"product_brand":[],"product_cat":[54,37],"product_tag":[],"class_list":{"0":"post-2698","1":"product","2":"type-product","3":"status-publish","4":"has-post-thumbnail","6":"product_cat-product","7":"product_cat-machine-parts","8":"desktop-align-center","9":"tablet-align-left","10":"mobile-align-left","11":"ast-product-gallery-layout-horizontal-slider","13":"first","14":"instock","15":"shipping-taxable","16":"product-type-simple"},"acf":[],"_links":{"self":[{"href":"https:\/\/jamabearing.com\/pt\/wp-json\/wp\/v2\/product\/2698","targetHints":{"allow":["GET"]}}],"collection":[{"href":"https:\/\/jamabearing.com\/pt\/wp-json\/wp\/v2\/product"}],"about":[{"href":"https:\/\/jamabearing.com\/pt\/wp-json\/wp\/v2\/types\/product"}],"replies":[{"embeddable":true,"href":"https:\/\/jamabearing.com\/pt\/wp-json\/wp\/v2\/comments?post=2698"}],"wp:featuredmedia":[{"embeddable":true,"href":"https:\/\/jamabearing.com\/pt\/wp-json\/wp\/v2\/media\/2700"}],"wp:attachment":[{"href":"https:\/\/jamabearing.com\/pt\/wp-json\/wp\/v2\/media?parent=2698"}],"wp:term":[{"taxonomy":"product_brand","embeddable":true,"href":"https:\/\/jamabearing.com\/pt\/wp-json\/wp\/v2\/product_brand?post=2698"},{"taxonomy":"product_cat","embeddable":true,"href":"https:\/\/jamabearing.com\/pt\/wp-json\/wp\/v2\/product_cat?post=2698"},{"taxonomy":"product_tag","embeddable":true,"href":"https:\/\/jamabearing.com\/pt\/wp-json\/wp\/v2\/product_tag?post=2698"}],"curies":[{"name":"wp","href":"https:\/\/api.w.org\/{rel}","templated":true}]}}