{"id":2561,"date":"2025-04-12T09:42:40","date_gmt":"2025-04-12T09:42:40","guid":{"rendered":"https:\/\/jamabearing.com\/?post_type=product&#038;p=2561"},"modified":"2025-04-12T09:42:40","modified_gmt":"2025-04-12T09:42:40","slug":"unidade-de-mancal-serie-uct","status":"publish","type":"product","link":"https:\/\/jamabearing.com\/pt\/produto\/unidade-de-mancal-serie-uct\/","title":{"rendered":"Unidade de mancal s\u00e9rie UCT"},"content":{"rendered":"<table class=\"table table-bordered table-hover\">\n<tbody>\n<tr class=\"firstRow\">\n<td width=\"345\"><strong>Tipo de rolamento<\/strong><\/td>\n<td>Unidade de mancal s\u00e9rie UCT<\/td>\n<\/tr>\n<tr>\n<td width=\"345\"><strong>Habita\u00e7\u00e3o cor<\/strong><\/td>\n<td>Azul, verde, preto, cinza<\/td>\n<\/tr>\n<tr>\n<td width=\"345\"><strong>O material do rolamento<\/strong><\/td>\n<td>Habita\u00e7\u00e3o: ferro fundido; UC rolamento: a\u00e7o cromado, Gcr15<\/td>\n<\/tr>\n<tr>\n<td width=\"345\"><strong>Precis\u00e3o<\/strong><\/td>\n<td>P0; P6; P5<\/td>\n<\/tr>\n<tr>\n<td width=\"345\"><strong>Tamanho padr\u00e3o<\/strong><\/td>\n<td>UCT200, UCT300 s\u00e9rie<\/td>\n<\/tr>\n<tr>\n<td width=\"345\"><strong>Embalagem<\/strong><\/td>\n<td>JAMA Individual Caixa<\/td>\n<\/tr>\n<\/tbody>\n<\/table>","protected":false},"excerpt":{"rendered":"<p><strong>Tipo:<\/strong> Unidade de mancal s\u00e9rie UCT<br \/>\n<strong>Marca:<\/strong> JAMA<br \/>\n<strong>N\u00famero modelo:<\/strong> UCT200, UCT300 s\u00e9rie<br \/>\n<strong>Material:<\/strong> Habita\u00e7\u00e3o: ferro fundido; UC rolamento: a\u00e7o cromado, Gcr15<br \/>\n<strong>Grau:<\/strong> ABEC-1, ABEC-3, ABEC-5<br \/>\n<strong>Toler\u00e2ncia<\/strong>\u00a0 J7, H7<\/p>","protected":false},"featured_media":2563,"comment_status":"open","ping_status":"closed","template":"","meta":{"_acf_changed":false,"site-sidebar-layout":"default","site-content-layout":"","ast-site-content-layout":"default","site-content-style":"default","site-sidebar-style":"default","ast-global-header-display":"","ast-banner-title-visibility":"","ast-main-header-display":"","ast-hfb-above-header-display":"","ast-hfb-below-header-display":"","ast-hfb-mobile-header-display":"","site-post-title":"","ast-breadcrumbs-content":"","ast-featured-img":"","footer-sml-layout":"","theme-transparent-header-meta":"default","adv-header-id-meta":"","stick-header-meta":"default","header-above-stick-meta":"","header-main-stick-meta":"","header-below-stick-meta":"","astra-migrate-meta-layouts":"set","ast-page-background-enabled":"default","ast-page-background-meta":{"desktop":{"background-color":"","background-image":"","background-repeat":"repeat","background-position":"center center","background-size":"auto","background-attachment":"scroll","background-type":"","background-media":"","overlay-type":"","overlay-color":"","overlay-opacity":"","overlay-gradient":""},"tablet":{"background-color":"","background-image":"","background-repeat":"repeat","background-position":"center center","background-size":"auto","background-attachment":"scroll","background-type":"","background-media":"","overlay-type":"","overlay-color":"","overlay-opacity":"","overlay-gradient":""},"mobile":{"background-color":"","background-image":"","background-repeat":"repeat","background-position":"center center","background-size":"auto","background-attachment":"scroll","background-type":"","background-media":"","overlay-type":"","overlay-color":"","overlay-opacity":"","overlay-gradient":""}},"ast-content-background-meta":{"desktop":{"background-color":"var(--ast-global-color-5)","background-image":"","background-repeat":"repeat","background-position":"center center","background-size":"auto","background-attachment":"scroll","background-type":"","background-media":"","overlay-type":"","overlay-color":"","overlay-opacity":"","overlay-gradient":""},"tablet":{"background-color":"var(--ast-global-color-5)","background-image":"","background-repeat":"repeat","background-position":"center center","background-size":"auto","background-attachment":"scroll","background-type":"","background-media":"","overlay-type":"","overlay-color":"","overlay-opacity":"","overlay-gradient":""},"mobile":{"background-color":"var(--ast-global-color-5)","background-image":"","background-repeat":"repeat","background-position":"center center","background-size":"auto","background-attachment":"scroll","background-type":"","background-media":"","overlay-type":"","overlay-color":"","overlay-opacity":"","overlay-gradient":""}}},"product_brand":[],"product_cat":[54,32],"product_tag":[],"class_list":{"0":"post-2561","1":"product","2":"type-product","3":"status-publish","4":"has-post-thumbnail","6":"product_cat-product","7":"product_cat-bearing-units","8":"desktop-align-center","9":"tablet-align-left","10":"mobile-align-left","11":"ast-product-gallery-layout-horizontal-slider","13":"first","14":"instock","15":"shipping-taxable","16":"product-type-simple"},"acf":[],"_links":{"self":[{"href":"https:\/\/jamabearing.com\/pt\/wp-json\/wp\/v2\/product\/2561","targetHints":{"allow":["GET"]}}],"collection":[{"href":"https:\/\/jamabearing.com\/pt\/wp-json\/wp\/v2\/product"}],"about":[{"href":"https:\/\/jamabearing.com\/pt\/wp-json\/wp\/v2\/types\/product"}],"replies":[{"embeddable":true,"href":"https:\/\/jamabearing.com\/pt\/wp-json\/wp\/v2\/comments?post=2561"}],"wp:featuredmedia":[{"embeddable":true,"href":"https:\/\/jamabearing.com\/pt\/wp-json\/wp\/v2\/media\/2563"}],"wp:attachment":[{"href":"https:\/\/jamabearing.com\/pt\/wp-json\/wp\/v2\/media?parent=2561"}],"wp:term":[{"taxonomy":"product_brand","embeddable":true,"href":"https:\/\/jamabearing.com\/pt\/wp-json\/wp\/v2\/product_brand?post=2561"},{"taxonomy":"product_cat","embeddable":true,"href":"https:\/\/jamabearing.com\/pt\/wp-json\/wp\/v2\/product_cat?post=2561"},{"taxonomy":"product_tag","embeddable":true,"href":"https:\/\/jamabearing.com\/pt\/wp-json\/wp\/v2\/product_tag?post=2561"}],"curies":[{"name":"wp","href":"https:\/\/api.w.org\/{rel}","templated":true}]}}