{"id":1957,"date":"2025-04-07T17:05:45","date_gmt":"2025-04-07T17:05:45","guid":{"rendered":"https:\/\/jamabearing.com\/?page_id=1957"},"modified":"2025-04-19T05:51:21","modified_gmt":"2025-04-19T05:51:21","slug":"noticias","status":"publish","type":"page","link":"https:\/\/jamabearing.com\/pt\/noticias\/","title":{"rendered":"NOT\u00cdCIAS"},"content":{"rendered":"<div data-elementor-type=\"wp-page\" data-elementor-id=\"1957\" class=\"elementor elementor-1957\" data-elementor-post-type=\"page\">\n\t\t\t\t<div class=\"elementor-element elementor-element-51f6805c e-flex e-con-boxed e-con e-parent\" data-id=\"51f6805c\" data-element_type=\"container\" data-settings=\"{&quot;background_background&quot;:&quot;classic&quot;}\">\n\t\t\t\t\t<div class=\"e-con-inner\">\n\t\t\t\t<div class=\"elementor-element elementor-element-4892341d elementor-invisible elementor-widget elementor-widget-image\" data-id=\"4892341d\" data-element_type=\"widget\" data-settings=\"{&quot;_animation&quot;:&quot;fadeInUp&quot;}\" data-widget_type=\"image.default\">\n\t\t\t\t<div class=\"elementor-widget-container\">\n\t\t\t\t\t\t\t\t\t\t\t\t\t\t\t<img decoding=\"async\" src=\"https:\/\/jamabearing.com\/wp-content\/uploads\/elementor\/thumbs\/\u70b9\u70b9\u70b9\u70b9-r6d5mno8kn510c6rx2u3b8241imsrawz7knw1cqp9w.png\" title=\"\u70b9\u70b9\u70b9\u70b9\u70b9\" alt=\"\u70b9\u70b9\u70b9\u70b9\u70b9\" loading=\"lazy\" \/>\t\t\t\t\t\t\t\t\t\t\t\t\t\t\t<\/div>\n\t\t\t\t<\/div>\n\t\t\t\t<div class=\"elementor-element elementor-element-7ede5ed3 elementor-invisible elementor-widget elementor-widget-heading\" data-id=\"7ede5ed3\" data-element_type=\"widget\" data-settings=\"{&quot;_animation&quot;:&quot;fadeInUp&quot;}\" data-widget_type=\"heading.default\">\n\t\t\t\t<div class=\"elementor-widget-container\">\n\t\t\t\t\t<h2 class=\"elementor-heading-title elementor-size-default\">NOT\u00cdCIAS<\/h2>\t\t\t\t<\/div>\n\t\t\t\t<\/div>\n\t\t\t\t<div class=\"elementor-element elementor-element-18d93b72 elementor-invisible elementor-widget elementor-widget-woocommerce-breadcrumb\" data-id=\"18d93b72\" data-element_type=\"widget\" data-settings=\"{&quot;_animation&quot;:&quot;fadeInUp&quot;}\" data-widget_type=\"woocommerce-breadcrumb.default\">\n\t\t\t\t<div class=\"elementor-widget-container\">\n\t\t\t\t\t<nav class=\"woocommerce-breadcrumb\" aria-label=\"Breadcrumb\" data-no-translation=\"\" data-trp-gettext=\"\">In\u00edcio<\/nav>\t\t\t\t<\/div>\n\t\t\t\t<\/div>\n\t\t\t\t\t<\/div>\n\t\t\t\t<\/div>\n\t\t<div class=\"elementor-element elementor-element-022802c e-flex e-con-boxed e-con e-parent\" data-id=\"022802c\" data-element_type=\"container\" data-settings=\"{&quot;background_background&quot;:&quot;classic&quot;}\">\n\t\t\t\t\t<div class=\"e-con-inner\">\n\t\t\t\t<div class=\"elementor-element elementor-element-94fbe58 elementor-grid-3 elementor-grid-tablet-2 elementor-grid-mobile-1 elementor-posts--thumbnail-top elementor-invisible elementor-widget elementor-widget-posts\" data-id=\"94fbe58\" data-element_type=\"widget\" data-settings=\"{&quot;pagination_type&quot;:&quot;load_more_infinite_scroll&quot;,&quot;_animation&quot;:&quot;fadeInUp&quot;,&quot;classic_columns&quot;:&quot;3&quot;,&quot;classic_columns_tablet&quot;:&quot;2&quot;,&quot;classic_columns_mobile&quot;:&quot;1&quot;,&quot;classic_row_gap&quot;:{&quot;unit&quot;:&quot;px&quot;,&quot;size&quot;:35,&quot;sizes&quot;:[]},&quot;classic_row_gap_tablet&quot;:{&quot;unit&quot;:&quot;px&quot;,&quot;size&quot;:&quot;&quot;,&quot;sizes&quot;:[]},&quot;classic_row_gap_mobile&quot;:{&quot;unit&quot;:&quot;px&quot;,&quot;size&quot;:&quot;&quot;,&quot;sizes&quot;:[]},&quot;load_more_spinner&quot;:{&quot;value&quot;:&quot;fas fa-spinner&quot;,&quot;library&quot;:&quot;fa-solid&quot;}}\" data-widget_type=\"posts.classic\">\n\t\t\t\t<div class=\"elementor-widget-container\">\n\t\t\t\t\t\t\t<div class=\"elementor-posts-container elementor-posts elementor-posts--skin-classic elementor-grid\">\n\t\t\t\t<article class=\"elementor-post elementor-grid-item post-3661 post type-post status-publish format-standard has-post-thumbnail hentry category-news\">\n\t\t\t\t<a class=\"elementor-post__thumbnail__link\" href=\"https:\/\/jamabearing.com\/pt\/notification-of-ptc-asia-exhibition-in-october\/\" tabindex=\"-1\" target=\"&quot;_blank&quot;\">\n\t\t\t<div class=\"elementor-post__thumbnail\"><img fetchpriority=\"high\" decoding=\"async\" width=\"723\" height=\"800\" src=\"https:\/\/jamabearing.com\/wp-content\/uploads\/2025\/11\/08bfc83bc05949c06a4d2ed777755bdd-2-723x800.jpg\" class=\"attachment-medium size-medium wp-image-3665\" alt=\"\" srcset=\"https:\/\/jamabearing.com\/wp-content\/uploads\/2025\/11\/08bfc83bc05949c06a4d2ed777755bdd-2-723x800.jpg 723w, https:\/\/jamabearing.com\/wp-content\/uploads\/2025\/11\/08bfc83bc05949c06a4d2ed777755bdd-2-768x850.jpg 768w, https:\/\/jamabearing.com\/wp-content\/uploads\/2025\/11\/08bfc83bc05949c06a4d2ed777755bdd-2-11x12.jpg 11w, https:\/\/jamabearing.com\/wp-content\/uploads\/2025\/11\/08bfc83bc05949c06a4d2ed777755bdd-2-800x886.jpg 800w, https:\/\/jamabearing.com\/wp-content\/uploads\/2025\/11\/08bfc83bc05949c06a4d2ed777755bdd-2.jpg 1206w\" sizes=\"(max-width: 723px) 100vw, 723px\" \/><\/div>\n\t\t<\/a>\n\t\t\t\t<div class=\"elementor-post__text\">\n\t\t\t\t<h3 class=\"elementor-post__title\">\n\t\t\t<a href=\"https:\/\/jamabearing.com\/pt\/notification-of-ptc-asia-exhibition-in-october\/\" target=\"&quot;_blank&quot;\">\n\t\t\t\tNotification of PTC ASIA Exhibition in October\t\t\t<\/a>\n\t\t<\/h3>\n\t\t\t\t<div class=\"elementor-post__meta-data\">\n\t\t\t\t\t<span class=\"elementor-post-date\">\n\t\t\tNovembro 26, 2025\t\t<\/span>\n\t\t\t\t<\/div>\n\t\t\t\t<div class=\"elementor-post__excerpt\">\n\t\t\t<p>Hello! dear friends, We are pleased to invite you to visit&nbsp;JAMA&nbsp;at&nbsp;the 29th Power Transmission and Control Asia exhibition, from October 28th-31st, 2025. You can find us at Booth E8-B3-5. PTC<\/p>\n\t\t<\/div>\n\t\t\t\t<\/div>\n\t\t\t\t<\/article>\n\t\t\t\t<article class=\"elementor-post elementor-grid-item post-1845 post type-post status-publish format-standard has-post-thumbnail hentry category-news\">\n\t\t\t\t<a class=\"elementor-post__thumbnail__link\" href=\"https:\/\/jamabearing.com\/pt\/anuncio-da-feira-de-hannover-em-abril-de-2024\/\" tabindex=\"-1\" target=\"&quot;_blank&quot;\">\n\t\t\t<div class=\"elementor-post__thumbnail\"><img decoding=\"async\" width=\"800\" height=\"571\" src=\"https:\/\/jamabearing.com\/wp-content\/uploads\/2025\/04\/22-800x571.png\" class=\"attachment-medium size-medium wp-image-2307\" alt=\"\" srcset=\"https:\/\/jamabearing.com\/wp-content\/uploads\/2025\/04\/22-800x571.png 800w, https:\/\/jamabearing.com\/wp-content\/uploads\/2025\/04\/22-500x357.png 500w, https:\/\/jamabearing.com\/wp-content\/uploads\/2025\/04\/22-768x548.png 768w, https:\/\/jamabearing.com\/wp-content\/uploads\/2025\/04\/22.png 1231w\" sizes=\"(max-width: 800px) 100vw, 800px\" \/><\/div>\n\t\t<\/a>\n\t\t\t\t<div class=\"elementor-post__text\">\n\t\t\t\t<h3 class=\"elementor-post__title\">\n\t\t\t<a href=\"https:\/\/jamabearing.com\/pt\/anuncio-da-feira-de-hannover-em-abril-de-2024\/\" target=\"&quot;_blank&quot;\">\n\t\t\t\tNotifica\u00e7\u00e3o da Ind\u00fastria Internacional de Rolamentos da China em 2024\t\t\t<\/a>\n\t\t<\/h3>\n\t\t\t\t<div class=\"elementor-post__meta-data\">\n\t\t\t\t\t<span class=\"elementor-post-date\">\n\t\t\t27 de setembro de 2024\t\t<\/span>\n\t\t\t\t<\/div>\n\t\t\t\t<div class=\"elementor-post__excerpt\">\n\t\t\t<p>Ol\u00e1 queridos amigos, Obrigado pelo vosso apoio e confian\u00e7a de longa data. A JAMA estar\u00e1 presente na exposi\u00e7\u00e3o 2024 China International Bearing Industry em 25-28 de novembro de 2024, e convidamo-lo sinceramente a visitar o nosso stand. 2024<\/p>\n\t\t<\/div>\n\t\t\t\t<\/div>\n\t\t\t\t<\/article>\n\t\t\t\t<article class=\"elementor-post elementor-grid-item post-1855 post type-post status-publish format-standard has-post-thumbnail hentry category-news\">\n\t\t\t\t<a class=\"elementor-post__thumbnail__link\" href=\"https:\/\/jamabearing.com\/pt\/notificacao-da-exposicao-ptc-asia-em-novembro\/\" tabindex=\"-1\" target=\"&quot;_blank&quot;\">\n\t\t\t<div class=\"elementor-post__thumbnail\"><img decoding=\"async\" width=\"680\" height=\"401\" src=\"https:\/\/jamabearing.com\/wp-content\/uploads\/2025\/04\/image-1.png\" class=\"attachment-medium size-medium wp-image-1856\" alt=\"\" srcset=\"https:\/\/jamabearing.com\/wp-content\/uploads\/2025\/04\/image-1.png 680w, https:\/\/jamabearing.com\/wp-content\/uploads\/2025\/04\/image-1-500x295.png 500w\" sizes=\"(max-width: 680px) 100vw, 680px\" \/><\/div>\n\t\t<\/a>\n\t\t\t\t<div class=\"elementor-post__text\">\n\t\t\t\t<h3 class=\"elementor-post__title\">\n\t\t\t<a href=\"https:\/\/jamabearing.com\/pt\/notificacao-da-exposicao-ptc-asia-em-novembro\/\" target=\"&quot;_blank&quot;\">\n\t\t\t\tNotifica\u00e7\u00e3o da Exposi\u00e7\u00e3o PTC ASIA em novembro\t\t\t<\/a>\n\t\t<\/h3>\n\t\t\t\t<div class=\"elementor-post__meta-data\">\n\t\t\t\t\t<span class=\"elementor-post-date\">\n\t\t\t26 de setembro de 2024\t\t<\/span>\n\t\t\t\t<\/div>\n\t\t\t\t<div class=\"elementor-post__excerpt\">\n\t\t\t<p>Ol\u00e1 queridos amigos, Obrigado pelo vosso apoio e confian\u00e7a de longa data. A JAMA estar\u00e1 presente na 28\u00aa Exposi\u00e7\u00e3o de Transmiss\u00e3o e Controlo de Energia da \u00c1sia, de 5 a 8 de novembro de 2024, para a qual convidamos sinceramente<\/p>\n\t\t<\/div>\n\t\t\t\t<\/div>\n\t\t\t\t<\/article>\n\t\t\t\t<article class=\"elementor-post elementor-grid-item post-1865 post type-post status-publish format-standard has-post-thumbnail hentry category-news\">\n\t\t\t\t<a class=\"elementor-post__thumbnail__link\" href=\"https:\/\/jamabearing.com\/pt\/a-empresa-de-rolamentos-jama-apresenta-um-novo-laboratorio-de-ensaios-avancado\/\" tabindex=\"-1\" target=\"&quot;_blank&quot;\">\n\t\t\t<div class=\"elementor-post__thumbnail\"><img loading=\"lazy\" decoding=\"async\" width=\"800\" height=\"600\" src=\"https:\/\/jamabearing.com\/wp-content\/uploads\/2025\/04\/image-8.png\" class=\"attachment-medium size-medium wp-image-1869\" alt=\"\" \/><\/div>\n\t\t<\/a>\n\t\t\t\t<div class=\"elementor-post__text\">\n\t\t\t\t<h3 class=\"elementor-post__title\">\n\t\t\t<a href=\"https:\/\/jamabearing.com\/pt\/a-empresa-de-rolamentos-jama-apresenta-um-novo-laboratorio-de-ensaios-avancado\/\" target=\"&quot;_blank&quot;\">\n\t\t\t\tCompanhia de rolamento JAMA revela novo laborat\u00f3rio de testes avan\u00e7ados que est\u00e1 instalado oficialmente e em pleno funcionamento.\t\t\t<\/a>\n\t\t<\/h3>\n\t\t\t\t<div class=\"elementor-post__meta-data\">\n\t\t\t\t\t<span class=\"elementor-post-date\">\n\t\t\t31 de julho de 2024\t\t<\/span>\n\t\t\t\t<\/div>\n\t\t\t\t<div class=\"elementor-post__excerpt\">\n\t\t\t<p>Temos o prazer de anunciar que, a partir de julho de 2024, o nosso laborat\u00f3rio de inspe\u00e7\u00e3o melhorado est\u00e1 oficialmente operacional! Com 50 metros quadrados de espa\u00e7o, n\u00e3o tem p\u00f3, \u00e9 est\u00e9ril e tem temperatura controlada. Est\u00e1 tamb\u00e9m equipado com<\/p>\n\t\t<\/div>\n\t\t\t\t<\/div>\n\t\t\t\t<\/article>\n\t\t\t\t<article class=\"elementor-post elementor-grid-item post-1871 post type-post status-publish format-standard has-post-thumbnail hentry category-news\">\n\t\t\t\t<a class=\"elementor-post__thumbnail__link\" href=\"https:\/\/jamabearing.com\/pt\/anuncio-da-feira-de-hannover-em-abril-de-2024-2\/\" tabindex=\"-1\" target=\"&quot;_blank&quot;\">\n\t\t\t<div class=\"elementor-post__thumbnail\"><img loading=\"lazy\" decoding=\"async\" width=\"519\" height=\"387\" src=\"https:\/\/jamabearing.com\/wp-content\/uploads\/2025\/04\/4-1.webp\" class=\"attachment-medium size-medium wp-image-1874\" alt=\"\" srcset=\"https:\/\/jamabearing.com\/wp-content\/uploads\/2025\/04\/4-1.webp 519w, https:\/\/jamabearing.com\/wp-content\/uploads\/2025\/04\/4-1-500x373.webp 500w\" sizes=\"(max-width: 519px) 100vw, 519px\" \/><\/div>\n\t\t<\/a>\n\t\t\t\t<div class=\"elementor-post__text\">\n\t\t\t\t<h3 class=\"elementor-post__title\">\n\t\t\t<a href=\"https:\/\/jamabearing.com\/pt\/anuncio-da-feira-de-hannover-em-abril-de-2024-2\/\" target=\"&quot;_blank&quot;\">\n\t\t\t\tComunicado sobre a Participa\u00e7\u00e3o na Feira Industrial de Hannover na Alemanha em Abril de 2024\t\t\t<\/a>\n\t\t<\/h3>\n\t\t\t\t<div class=\"elementor-post__meta-data\">\n\t\t\t\t\t<span class=\"elementor-post-date\">\n\t\t\t28 de fevereiro de 2024\t\t<\/span>\n\t\t\t\t<\/div>\n\t\t\t\t<div class=\"elementor-post__excerpt\">\n\t\t\t<p>A XIAMEN JAMA Bearing Company participar\u00e1 na \"Hannover Messe 2024\" de 22 a 26 de abril de 2024. Convidamos sinceramente os clientes de todo o mundo a visitarem o nosso stand e a trocarem impress\u00f5es! A Hannover Messe \u00e9<\/p>\n\t\t<\/div>\n\t\t\t\t<\/div>\n\t\t\t\t<\/article>\n\t\t\t\t<article class=\"elementor-post elementor-grid-item post-1876 post type-post status-publish format-standard has-post-thumbnail hentry category-news\">\n\t\t\t\t<a class=\"elementor-post__thumbnail__link\" href=\"https:\/\/jamabearing.com\/pt\/jama-estante-tridimensional-para-armazem-comece-a-utilizar\/\" tabindex=\"-1\" target=\"&quot;_blank&quot;\">\n\t\t\t<div class=\"elementor-post__thumbnail\"><img loading=\"lazy\" decoding=\"async\" width=\"800\" height=\"600\" src=\"https:\/\/jamabearing.com\/wp-content\/uploads\/2025\/04\/image-13-800x600.png\" class=\"attachment-medium size-medium wp-image-1880\" alt=\"\" srcset=\"https:\/\/jamabearing.com\/wp-content\/uploads\/2025\/04\/image-13-800x600.png 800w, https:\/\/jamabearing.com\/wp-content\/uploads\/2025\/04\/image-13-1400x1050.png 1400w, https:\/\/jamabearing.com\/wp-content\/uploads\/2025\/04\/image-13-500x375.png 500w, https:\/\/jamabearing.com\/wp-content\/uploads\/2025\/04\/image-13-768x576.png 768w, https:\/\/jamabearing.com\/wp-content\/uploads\/2025\/04\/image-13-1536x1152.png 1536w, https:\/\/jamabearing.com\/wp-content\/uploads\/2025\/04\/image-13.png 1600w\" sizes=\"(max-width: 800px) 100vw, 800px\" \/><\/div>\n\t\t<\/a>\n\t\t\t\t<div class=\"elementor-post__text\">\n\t\t\t\t<h3 class=\"elementor-post__title\">\n\t\t\t<a href=\"https:\/\/jamabearing.com\/pt\/jama-estante-tridimensional-para-armazem-comece-a-utilizar\/\" target=\"&quot;_blank&quot;\">\n\t\t\t\tArmaz\u00e9m Tridimensional da JAMA\t\t\t<\/a>\n\t\t<\/h3>\n\t\t\t\t<div class=\"elementor-post__meta-data\">\n\t\t\t\t\t<span class=\"elementor-post-date\">\n\t\t\tjulho 26, 2022\t\t<\/span>\n\t\t\t\t<\/div>\n\t\t\t\t<div class=\"elementor-post__excerpt\">\n\t\t\t<p>Ap\u00f3s um per\u00edodo de tempo, termin\u00e1mos a conce\u00e7\u00e3o e a constru\u00e7\u00e3o da nova estante de armazenamento de armaz\u00e9m 3D, que j\u00e1 est\u00e1 a ser utilizada. O novo sistema de armaz\u00e9m 3D pode armazenar cerca de 3000pcs<\/p>\n\t\t<\/div>\n\t\t\t\t<\/div>\n\t\t\t\t<\/article>\n\t\t\t\t<article class=\"elementor-post elementor-grid-item post-1883 post type-post status-publish format-standard has-post-thumbnail hentry category-news\">\n\t\t\t\t<a class=\"elementor-post__thumbnail__link\" href=\"https:\/\/jamabearing.com\/pt\/jama-entregas-na-nova-fabrica\/\" tabindex=\"-1\" target=\"&quot;_blank&quot;\">\n\t\t\t<div class=\"elementor-post__thumbnail\"><img loading=\"lazy\" decoding=\"async\" width=\"800\" height=\"600\" src=\"https:\/\/jamabearing.com\/wp-content\/uploads\/2025\/04\/image-17-800x600.png\" class=\"attachment-medium size-medium wp-image-1886\" alt=\"\" srcset=\"https:\/\/jamabearing.com\/wp-content\/uploads\/2025\/04\/image-17-800x600.png 800w, https:\/\/jamabearing.com\/wp-content\/uploads\/2025\/04\/image-17-1400x1050.png 1400w, https:\/\/jamabearing.com\/wp-content\/uploads\/2025\/04\/image-17-500x375.png 500w, https:\/\/jamabearing.com\/wp-content\/uploads\/2025\/04\/image-17-768x576.png 768w, https:\/\/jamabearing.com\/wp-content\/uploads\/2025\/04\/image-17-1536x1152.png 1536w, https:\/\/jamabearing.com\/wp-content\/uploads\/2025\/04\/image-17.png 1600w\" sizes=\"(max-width: 800px) 100vw, 800px\" \/><\/div>\n\t\t<\/a>\n\t\t\t\t<div class=\"elementor-post__text\">\n\t\t\t\t<h3 class=\"elementor-post__title\">\n\t\t\t<a href=\"https:\/\/jamabearing.com\/pt\/jama-entregas-na-nova-fabrica\/\" target=\"&quot;_blank&quot;\">\n\t\t\t\tEntregas da JAMA pela Nova F\u00e1brica\t\t\t<\/a>\n\t\t<\/h3>\n\t\t\t\t<div class=\"elementor-post__meta-data\">\n\t\t\t\t\t<span class=\"elementor-post-date\">\n\t\t\t15 de dezembro de 2021\t\t<\/span>\n\t\t\t\t<\/div>\n\t\t\t\t<div class=\"elementor-post__excerpt\">\n\t\t\t<p>A nova f\u00e1brica da JAMA, que \u00e9 investida e constru\u00edda por n\u00f3s pr\u00f3prios, foi conclu\u00edda e transferida oficialmente em dezembro de 2021. A \u00e1rea total de constru\u00e7\u00e3o \u00e9 de quase 10.000 metros quadrados, e a<\/p>\n\t\t<\/div>\n\t\t\t\t<\/div>\n\t\t\t\t<\/article>\n\t\t\t\t<article class=\"elementor-post elementor-grid-item post-1888 post type-post status-publish format-standard has-post-thumbnail hentry category-news\">\n\t\t\t\t<a class=\"elementor-post__thumbnail__link\" href=\"https:\/\/jamabearing.com\/pt\/conferencia-anual-da-empresa-jama-2021\/\" tabindex=\"-1\" target=\"&quot;_blank&quot;\">\n\t\t\t<div class=\"elementor-post__thumbnail\"><img loading=\"lazy\" decoding=\"async\" width=\"800\" height=\"600\" src=\"https:\/\/jamabearing.com\/wp-content\/uploads\/2025\/04\/image-18.png\" class=\"attachment-medium size-medium wp-image-1889\" alt=\"\" \/><\/div>\n\t\t<\/a>\n\t\t\t\t<div class=\"elementor-post__text\">\n\t\t\t\t<h3 class=\"elementor-post__title\">\n\t\t\t<a href=\"https:\/\/jamabearing.com\/pt\/conferencia-anual-da-empresa-jama-2021\/\" target=\"&quot;_blank&quot;\">\n\t\t\t\tConfer\u00eancia Anual da JAMA Company 2021\t\t\t<\/a>\n\t\t<\/h3>\n\t\t\t\t<div class=\"elementor-post__meta-data\">\n\t\t\t\t\t<span class=\"elementor-post-date\">\n\t\t\tfevereiro 9, 2021\t\t<\/span>\n\t\t\t\t<\/div>\n\t\t\t\t<div class=\"elementor-post__excerpt\">\n\t\t\t<p>2020 foi um ano extraordin\u00e1rio, um ano de dificuldades e de mudan\u00e7as. A JAMA Company realizou a Confer\u00eancia Anual de 2021 a 7 de fevereiro, apesar do impacto da epidemia no \u00faltimo ano,<\/p>\n\t\t<\/div>\n\t\t\t\t<\/div>\n\t\t\t\t<\/article>\n\t\t\t\t<article class=\"elementor-post elementor-grid-item post-1896 post type-post status-publish format-standard has-post-thumbnail hentry category-news\">\n\t\t\t\t<a class=\"elementor-post__thumbnail__link\" href=\"https:\/\/jamabearing.com\/pt\/a-construcao-da-nova-fabrica-de-jama-foi-recuperada\/\" tabindex=\"-1\" target=\"&quot;_blank&quot;\">\n\t\t\t<div class=\"elementor-post__thumbnail\"><img loading=\"lazy\" decoding=\"async\" width=\"426\" height=\"320\" src=\"https:\/\/jamabearing.com\/wp-content\/uploads\/2025\/04\/copy_\u526f\u672c.jpg\" class=\"attachment-medium size-medium wp-image-2306\" alt=\"\" srcset=\"https:\/\/jamabearing.com\/wp-content\/uploads\/2025\/04\/copy_\u526f\u672c.jpg 426w, https:\/\/jamabearing.com\/wp-content\/uploads\/2025\/04\/copy_\u526f\u672c-300x225.jpg 300w\" sizes=\"(max-width: 426px) 100vw, 426px\" \/><\/div>\n\t\t<\/a>\n\t\t\t\t<div class=\"elementor-post__text\">\n\t\t\t\t<h3 class=\"elementor-post__title\">\n\t\t\t<a href=\"https:\/\/jamabearing.com\/pt\/a-construcao-da-nova-fabrica-de-jama-foi-recuperada\/\" target=\"&quot;_blank&quot;\">\n\t\t\t\tConstru\u00e7\u00e3o para a JAMA Nova f\u00e1brica foi recuperada\t\t\t<\/a>\n\t\t<\/h3>\n\t\t\t\t<div class=\"elementor-post__meta-data\">\n\t\t\t\t\t<span class=\"elementor-post-date\">\n\t\t\tmar\u00e7o 18, 2020\t\t<\/span>\n\t\t\t\t<\/div>\n\t\t\t\t<div class=\"elementor-post__excerpt\">\n\t\t\t<p>Afetada pelo Festival da primavera chin\u00eas e pelo Coronav\u00edrus, a nossa nova f\u00e1brica de rolamentos UC recuperou oficialmente a constru\u00e7\u00e3o no in\u00edcio de mar\u00e7o. A f\u00e1brica est\u00e1 situada na zona central da regi\u00e3o sul da China.<\/p>\n\t\t<\/div>\n\t\t\t\t<\/div>\n\t\t\t\t<\/article>\n\t\t\t\t<article class=\"elementor-post elementor-grid-item post-1903 post type-post status-publish format-standard has-post-thumbnail hentry category-news\">\n\t\t\t\t<a class=\"elementor-post__thumbnail__link\" href=\"https:\/\/jamabearing.com\/pt\/conferencia-anual-e-10-o-aniversario-da-empresa-jama-2020\/\" tabindex=\"-1\" target=\"&quot;_blank&quot;\">\n\t\t\t<div class=\"elementor-post__thumbnail\"><img loading=\"lazy\" decoding=\"async\" width=\"800\" height=\"600\" src=\"https:\/\/jamabearing.com\/wp-content\/uploads\/2025\/04\/image-29.png\" class=\"attachment-medium size-medium wp-image-1909\" alt=\"\" \/><\/div>\n\t\t<\/a>\n\t\t\t\t<div class=\"elementor-post__text\">\n\t\t\t\t<h3 class=\"elementor-post__title\">\n\t\t\t<a href=\"https:\/\/jamabearing.com\/pt\/conferencia-anual-e-10-o-aniversario-da-empresa-jama-2020\/\" target=\"&quot;_blank&quot;\">\n\t\t\t\tJAMA Empresa 2020 Confer\u00eancia Anual e 10th Anniversary\t\t\t<\/a>\n\t\t<\/h3>\n\t\t\t\t<div class=\"elementor-post__meta-data\">\n\t\t\t\t\t<span class=\"elementor-post-date\">\n\t\t\tfevereiro 20, 2020\t\t<\/span>\n\t\t\t\t<\/div>\n\t\t\t\t<div class=\"elementor-post__excerpt\">\n\t\t\t<p>No momento em que se comemora o 10\u00ba anivers\u00e1rio, a fam\u00edlia JAMA celebra este banquete em conjunto no dia 18 de janeiro. Todos os membros desejam \u00e0 JAMA um futuro melhor e comp\u00f5em um novo cap\u00edtulo na nova jornada. Geral<\/p>\n\t\t<\/div>\n\t\t\t\t<\/div>\n\t\t\t\t<\/article>\n\t\t\t\t<article class=\"elementor-post elementor-grid-item post-1914 post type-post status-publish format-standard has-post-thumbnail hentry category-news\">\n\t\t\t\t<a class=\"elementor-post__thumbnail__link\" href=\"https:\/\/jamabearing.com\/pt\/a-participacao-da-jama-companys-2018-china-international-bearing-industry-exhibition\/\" tabindex=\"-1\" target=\"&quot;_blank&quot;\">\n\t\t\t<div class=\"elementor-post__thumbnail\"><img loading=\"lazy\" decoding=\"async\" width=\"800\" height=\"600\" src=\"https:\/\/jamabearing.com\/wp-content\/uploads\/2025\/04\/2221.webp\" class=\"attachment-medium size-medium wp-image-1919\" alt=\"\" \/><\/div>\n\t\t<\/a>\n\t\t\t\t<div class=\"elementor-post__text\">\n\t\t\t\t<h3 class=\"elementor-post__title\">\n\t\t\t<a href=\"https:\/\/jamabearing.com\/pt\/a-participacao-da-jama-companys-2018-china-international-bearing-industry-exhibition\/\" target=\"&quot;_blank&quot;\">\n\t\t\t\tA Presen\u00e7a De JAMA 2018 China Rolamento Ind\u00fastria Exposi\u00e7\u00e3o Internacional da Empresa\t\t\t<\/a>\n\t\t<\/h3>\n\t\t\t\t<div class=\"elementor-post__meta-data\">\n\t\t\t\t\t<span class=\"elementor-post-date\">\n\t\t\tsetembro 30, 2018\t\t<\/span>\n\t\t\t\t<\/div>\n\t\t\t\t<div class=\"elementor-post__excerpt\">\n\t\t\t<p>XIAMEN JAMA Bearing Co., LTD participou da Exposi\u00e7\u00e3o Internacional da Ind\u00fastria de Rolamentos da China 2018 de 18 a 22 de setembro de 2018. Quase 1.000 empresas de todo o mundo e mais de 60.000 pessoas de casa<\/p>\n\t\t<\/div>\n\t\t\t\t<\/div>\n\t\t\t\t<\/article>\n\t\t\t\t<\/div>\n\t\t\t\t\t<span class=\"e-load-more-spinner\">\n\t\t\t\t<svg aria-hidden=\"true\" class=\"e-font-icon-svg e-fas-spinner\" viewbox=\"0 0 512 512\" xmlns=\"http:\/\/www.w3.org\/2000\/svg\"><path d=\"M304 48c0 26.51-21.49 48-48 48s-48-21.49-48-48 21.49-48 48-48 48 21.49 48 48zm-48 368c-26.51 0-48 21.49-48 48s21.49 48 48 48 48-21.49 48-48-21.49-48-48-48zm208-208c-26.51 0-48 21.49-48 48s21.49 48 48 48 48-21.49 48-48-21.49-48-48-48zM96 256c0-26.51-21.49-48-48-48S0 229.49 0 256s21.49 48 48 48 48-21.49 48-48zm12.922 99.078c-26.51 0-48 21.49-48 48s21.49 48 48 48 48-21.49 48-48c0-26.509-21.491-48-48-48zm294.156 0c-26.51 0-48 21.49-48 48s21.49 48 48 48 48-21.49 48-48c0-26.509-21.49-48-48-48zM108.922 60.922c-26.51 0-48 21.49-48 48s21.49 48 48 48 48-21.49 48-48-21.491-48-48-48z\"><\/path><\/svg>\t\t\t<\/span>\n\t\t\n\t\t\t\t\t\t<\/div>\n\t\t\t\t<\/div>\n\t\t\t\t\t<\/div>\n\t\t\t\t<\/div>\n\t\t\t\t<\/div>","protected":false},"excerpt":{"rendered":"<p>NOT\u00cdCIAS<\/p>","protected":false},"author":1,"featured_media":0,"parent":0,"menu_order":0,"comment_status":"closed","ping_status":"closed","template":"","meta":{"_acf_changed":false,"site-sidebar-layout":"no-sidebar","site-content-layout":"page-builder","ast-site-content-layout":"full-width-container","site-content-style":"default","site-sidebar-style":"default","ast-global-header-display":"","ast-banner-title-visibility":"","ast-main-header-display":"","ast-hfb-above-header-display":"","ast-hfb-below-header-display":"","ast-hfb-mobile-header-display":"","site-post-title":"disabled","ast-breadcrumbs-content":"","ast-featured-img":"disabled","footer-sml-layout":"","theme-transparent-header-meta":"","adv-header-id-meta":"","stick-header-meta":"","header-above-stick-meta":"","header-main-stick-meta":"","header-below-stick-meta":"","astra-migrate-meta-layouts":"set","ast-page-background-enabled":"default","ast-page-background-meta":{"desktop":{"background-color":"","background-image":"","background-repeat":"repeat","background-position":"center center","background-size":"auto","background-attachment":"scroll","background-type":"","background-media":"","overlay-type":"","overlay-color":"","overlay-opacity":"","overlay-gradient":""},"tablet":{"background-color":"","background-image":"","background-repeat":"repeat","background-position":"center center","background-size":"auto","background-attachment":"scroll","background-type":"","background-media":"","overlay-type":"","overlay-color":"","overlay-opacity":"","overlay-gradient":""},"mobile":{"background-color":"","background-image":"","background-repeat":"repeat","background-position":"center center","background-size":"auto","background-attachment":"scroll","background-type":"","background-media":"","overlay-type":"","overlay-color":"","overlay-opacity":"","overlay-gradient":""}},"ast-content-background-meta":{"desktop":{"background-color":"var(--ast-global-color-5)","background-image":"","background-repeat":"repeat","background-position":"center center","background-size":"auto","background-attachment":"scroll","background-type":"","background-media":"","overlay-type":"","overlay-color":"","overlay-opacity":"","overlay-gradient":""},"tablet":{"background-color":"var(--ast-global-color-5)","background-image":"","background-repeat":"repeat","background-position":"center center","background-size":"auto","background-attachment":"scroll","background-type":"","background-media":"","overlay-type":"","overlay-color":"","overlay-opacity":"","overlay-gradient":""},"mobile":{"background-color":"var(--ast-global-color-5)","background-image":"","background-repeat":"repeat","background-position":"center center","background-size":"auto","background-attachment":"scroll","background-type":"","background-media":"","overlay-type":"","overlay-color":"","overlay-opacity":"","overlay-gradient":""}},"footnotes":""},"class_list":["post-1957","page","type-page","status-publish","hentry"],"acf":[],"_links":{"self":[{"href":"https:\/\/jamabearing.com\/pt\/wp-json\/wp\/v2\/pages\/1957","targetHints":{"allow":["GET"]}}],"collection":[{"href":"https:\/\/jamabearing.com\/pt\/wp-json\/wp\/v2\/pages"}],"about":[{"href":"https:\/\/jamabearing.com\/pt\/wp-json\/wp\/v2\/types\/page"}],"author":[{"embeddable":true,"href":"https:\/\/jamabearing.com\/pt\/wp-json\/wp\/v2\/users\/1"}],"replies":[{"embeddable":true,"href":"https:\/\/jamabearing.com\/pt\/wp-json\/wp\/v2\/comments?post=1957"}],"version-history":[{"count":62,"href":"https:\/\/jamabearing.com\/pt\/wp-json\/wp\/v2\/pages\/1957\/revisions"}],"predecessor-version":[{"id":3637,"href":"https:\/\/jamabearing.com\/pt\/wp-json\/wp\/v2\/pages\/1957\/revisions\/3637"}],"wp:attachment":[{"href":"https:\/\/jamabearing.com\/pt\/wp-json\/wp\/v2\/media?parent=1957"}],"curies":[{"name":"wp","href":"https:\/\/api.w.org\/{rel}","templated":true}]}}