{"id":3155,"date":"2025-04-16T09:13:18","date_gmt":"2025-04-16T09:13:18","guid":{"rendered":"https:\/\/jamabearing.com\/?page_id=3155"},"modified":"2025-04-16T11:27:24","modified_gmt":"2025-04-16T11:27:24","slug":"mapa-del-sitio","status":"publish","type":"page","link":"https:\/\/jamabearing.com\/es\/mapa-del-sitio\/","title":{"rendered":"MAPA DE SITUACI\u00d3N"},"content":{"rendered":"<div data-elementor-type=\"wp-page\" data-elementor-id=\"3155\" class=\"elementor elementor-3155\" data-elementor-post-type=\"page\">\n\t\t\t\t<div class=\"elementor-element elementor-element-6420b8ba e-flex e-con-boxed e-con e-parent\" data-id=\"6420b8ba\" data-element_type=\"container\" data-settings=\"{&quot;background_background&quot;:&quot;classic&quot;}\">\n\t\t\t\t\t<div class=\"e-con-inner\">\n\t\t\t\t<div class=\"elementor-element elementor-element-6793cc84 elementor-invisible elementor-widget elementor-widget-image\" data-id=\"6793cc84\" data-element_type=\"widget\" data-settings=\"{&quot;_animation&quot;:&quot;fadeInUp&quot;}\" data-widget_type=\"image.default\">\n\t\t\t\t<div class=\"elementor-widget-container\">\n\t\t\t\t\t\t\t\t\t\t\t\t\t\t\t<img decoding=\"async\" src=\"https:\/\/jamabearing.com\/wp-content\/uploads\/elementor\/thumbs\/\u70b9\u70b9\u70b9\u70b9-r6d5mno8kn510c6rx2u3b8241imsrawz7knw1cqp9w.png\" title=\"\u70b9\u70b9\u70b9\u70b9\" alt=\"\u70b9\u70b9\u70b9\u70b9\" loading=\"lazy\" \/>\t\t\t\t\t\t\t\t\t\t\t\t\t\t\t<\/div>\n\t\t\t\t<\/div>\n\t\t\t\t<div class=\"elementor-element elementor-element-5267d37c elementor-invisible elementor-widget elementor-widget-heading\" data-id=\"5267d37c\" data-element_type=\"widget\" data-settings=\"{&quot;_animation&quot;:&quot;fadeInUp&quot;}\" data-widget_type=\"heading.default\">\n\t\t\t\t<div class=\"elementor-widget-container\">\n\t\t\t\t\t<h2 class=\"elementor-heading-title elementor-size-default\">MAPA DE SITUACI\u00d3N<\/h2>\t\t\t\t<\/div>\n\t\t\t\t<\/div>\n\t\t\t\t<div class=\"elementor-element elementor-element-309c0a3a elementor-invisible elementor-widget elementor-widget-woocommerce-breadcrumb\" data-id=\"309c0a3a\" data-element_type=\"widget\" data-settings=\"{&quot;_animation&quot;:&quot;fadeInUp&quot;}\" data-widget_type=\"woocommerce-breadcrumb.default\">\n\t\t\t\t<div class=\"elementor-widget-container\">\n\t\t\t\t\t<nav class=\"woocommerce-breadcrumb\" aria-label=\"Breadcrumb\" data-no-translation=\"\" data-trp-gettext=\"\">Inicio<\/nav>\t\t\t\t<\/div>\n\t\t\t\t<\/div>\n\t\t\t\t\t<\/div>\n\t\t\t\t<\/div>\n\t\t<div class=\"elementor-element elementor-element-b4f0346 e-con-full e-flex e-con e-parent\" data-id=\"b4f0346\" data-element_type=\"container\" data-settings=\"{&quot;background_background&quot;:&quot;classic&quot;}\">\n\t\t<div class=\"elementor-element elementor-element-d9a256f e-con-full e-flex e-con e-child\" data-id=\"d9a256f\" data-element_type=\"container\">\n\t\t\t\t<div class=\"elementor-element elementor-element-9339d11 elementor-widget elementor-widget-wp-widget-woocommerce_product_categories\" data-id=\"9339d11\" data-element_type=\"widget\" data-widget_type=\"wp-widget-woocommerce_product_categories.default\">\n\t\t\t\t<div class=\"elementor-widget-container\">\n\t\t\t\t\t<div class=\"woocommerce widget_product_categories\"><ul class=\"product-categories\"><li class=\"cat-item cat-item-54 cat-parent\"><a href=\"https:\/\/jamabearing.com\/es\/categoria-producto\/producto\/\">PRODUCTO<\/a><ul class='children'>\n<li class=\"cat-item cat-item-32\"><a href=\"https:\/\/jamabearing.com\/es\/categoria-producto\/producto\/unidades-de-rodamiento\/\">Las unidades de rodamientos<\/a><\/li>\n<li class=\"cat-item cat-item-33\"><a href=\"https:\/\/jamabearing.com\/es\/categoria-producto\/producto\/rodamientos-de-rodillos-de-bolas\/\">Rodamientos de bolas y de rodillos<\/a><\/li>\n<li class=\"cat-item cat-item-34\"><a href=\"https:\/\/jamabearing.com\/es\/categoria-producto\/producto\/piezas-de-transmision\/\">Piezas de transmisi\u00f3n<\/a><\/li>\n<li class=\"cat-item cat-item-35\"><a href=\"https:\/\/jamabearing.com\/es\/categoria-producto\/producto\/piezas-de-movimiento-lineal\/\">Piezas de movimiento lineal<\/a><\/li>\n<li class=\"cat-item cat-item-36\"><a href=\"https:\/\/jamabearing.com\/es\/categoria-producto\/producto\/piezas-de-automoviles\/\">Piezas de autom\u00f3viles<\/a><\/li>\n<li class=\"cat-item cat-item-37\"><a href=\"https:\/\/jamabearing.com\/es\/categoria-producto\/producto\/machine-parts\/\">Accesorios mec\u00e1nicos<\/a><\/li>\n<\/ul>\n<\/li>\n<\/ul><\/div>\t\t\t\t<\/div>\n\t\t\t\t<\/div>\n\t\t\t\t<\/div>\n\t\t<div class=\"elementor-element elementor-element-101b835 e-con-full e-flex e-con e-child\" data-id=\"101b835\" data-element_type=\"container\">\n\t\t<div class=\"elementor-element elementor-element-f48142e e-con-full e-flex e-con e-child\" data-id=\"f48142e\" data-element_type=\"container\" data-settings=\"{&quot;background_background&quot;:&quot;classic&quot;}\">\n\t\t\t\t<div class=\"elementor-element elementor-element-c9a3150 elementor-widget elementor-widget-heading\" data-id=\"c9a3150\" data-element_type=\"widget\" data-widget_type=\"heading.default\">\n\t\t\t\t<div class=\"elementor-widget-container\">\n\t\t\t\t\t<h2 class=\"elementor-heading-title elementor-size-default\">Empresa<\/h2>\t\t\t\t<\/div>\n\t\t\t\t<\/div>\n\t\t\t\t<\/div>\n\t\t<div class=\"elementor-element elementor-element-586df4f e-grid e-con-full e-con e-child\" data-id=\"586df4f\" data-element_type=\"container\">\n\t\t\t\t<div class=\"elementor-element elementor-element-a682886 elementor-widget elementor-widget-text-editor\" data-id=\"a682886\" data-element_type=\"widget\" data-widget_type=\"text-editor.default\">\n\t\t\t\t<div class=\"elementor-widget-container\">\n\t\t\t\t\t\t\t\t\t<ul><li><a href=\"https:\/\/jamabearing.com\/es\/sober-nosotros\/\">SOBRE NOSOTROS<\/a><\/li><\/ul>\t\t\t\t\t\t\t\t<\/div>\n\t\t\t\t<\/div>\n\t\t\t\t<div class=\"elementor-element elementor-element-26b81e5 elementor-widget elementor-widget-text-editor\" data-id=\"26b81e5\" data-element_type=\"widget\" data-widget_type=\"text-editor.default\">\n\t\t\t\t<div class=\"elementor-widget-container\">\n\t\t\t\t\t\t\t\t\t<ul><li><a href=\"https:\/\/jamabearing.com\/es\/contactenos\/\"><span style=\"vertical-align: inherit;\"><span style=\"vertical-align: inherit;\">CONT\u00c1CTENOS<\/span><\/span><\/a><\/li><\/ul>\t\t\t\t\t\t\t\t<\/div>\n\t\t\t\t<\/div>\n\t\t\t\t<\/div>\n\t\t<div class=\"elementor-element elementor-element-a5137f9 e-con-full e-flex e-con e-child\" data-id=\"a5137f9\" data-element_type=\"container\" data-settings=\"{&quot;background_background&quot;:&quot;classic&quot;}\">\n\t\t\t\t<div class=\"elementor-element elementor-element-a91edcf elementor-widget elementor-widget-heading\" data-id=\"a91edcf\" data-element_type=\"widget\" data-widget_type=\"heading.default\">\n\t\t\t\t<div class=\"elementor-widget-container\">\n\t\t\t\t\t<h2 class=\"elementor-heading-title elementor-size-default\">Producto<\/h2>\t\t\t\t<\/div>\n\t\t\t\t<\/div>\n\t\t\t\t<\/div>\n\t\t<div class=\"elementor-element elementor-element-2e52ad1 e-con-full e-flex e-con e-child\" data-id=\"2e52ad1\" data-element_type=\"container\" data-settings=\"{&quot;background_background&quot;:&quot;classic&quot;}\">\n\t\t\t\t<div class=\"elementor-element elementor-element-b701d4e elementor-widget elementor-widget-heading\" data-id=\"b701d4e\" data-element_type=\"widget\" data-widget_type=\"heading.default\">\n\t\t\t\t<div class=\"elementor-widget-container\">\n\t\t\t\t\t<h2 class=\"elementor-heading-title elementor-size-default\">Noticias<\/h2>\t\t\t\t<\/div>\n\t\t\t\t<\/div>\n\t\t\t\t<\/div>\n\t\t<div class=\"elementor-element elementor-element-eef798a e-grid e-con-full e-con e-child\" data-id=\"eef798a\" data-element_type=\"container\">\n\t\t\t\t<div class=\"elementor-element elementor-element-e7e19ee elementor-widget elementor-widget-heading\" data-id=\"e7e19ee\" data-element_type=\"widget\" data-widget_type=\"heading.default\">\n\t\t\t\t<div class=\"elementor-widget-container\">\n\t\t\t\t\t<h2 class=\"elementor-heading-title elementor-size-default\">Las unidades de rodamientos<\/h2>\t\t\t\t<\/div>\n\t\t\t\t<\/div>\n\t\t\t\t<div class=\"elementor-element elementor-element-b796495 elementor-widget elementor-widget-heading\" data-id=\"b796495\" data-element_type=\"widget\" data-widget_type=\"heading.default\">\n\t\t\t\t<div class=\"elementor-widget-container\">\n\t\t\t\t\t<h2 class=\"elementor-heading-title elementor-size-default\">Rodamientos de bolas y de rodillos<\/h2>\t\t\t\t<\/div>\n\t\t\t\t<\/div>\n\t\t\t\t<div class=\"elementor-element elementor-element-8c4c202 elementor-widget elementor-widget-text-editor\" data-id=\"8c4c202\" data-element_type=\"widget\" data-widget_type=\"text-editor.default\">\n\t\t\t\t<div class=\"elementor-widget-container\">\n\t\t\t\t\t\t\t\t\t<ul><li><a href=\"https:\/\/jamabearing.com\/es\/producto\/insert-ball-bearing-uel200-series\/\">Rodamientos autoalineables - Serie UEL200<\/a><\/li><li><a href=\"https:\/\/jamabearing.com\/es\/producto\/insert-ball-bearing-csb200-series\/\">Rodamientos Autoalineables - Serie CSB200<\/a><\/li><li><a href=\"https:\/\/jamabearing.com\/es\/producto\/insert-ball-bearing-sb200-series\/\">Rodamientos autoalineables - Serie SB200<\/a><\/li><li><a href=\"https:\/\/jamabearing.com\/es\/producto\/insert-ball-bearing-sa200-series\/\">Rodamientos autoalineables - Serie SA200<\/a><\/li><\/ul>\t\t\t\t\t\t\t\t<\/div>\n\t\t\t\t<\/div>\n\t\t\t\t<div class=\"elementor-element elementor-element-37ce7d0 elementor-widget elementor-widget-text-editor\" data-id=\"37ce7d0\" data-element_type=\"widget\" data-widget_type=\"text-editor.default\">\n\t\t\t\t<div class=\"elementor-widget-container\">\n\t\t\t\t\t\t\t\t\t<ul><li><a href=\"https:\/\/jamabearing.com\/es\/producto\/rodamiento-de-bolas-de-contacto-angular\/\">Rodamiento de bolas de contacto angular<\/a><\/li><li><a href=\"https:\/\/jamabearing.com\/es\/producto\/four-point-contact-ball-bearing\/\">Rodamiento de bolas de contacto angular de cuatro puntos<\/a><\/li><li><a href=\"https:\/\/jamabearing.com\/es\/producto\/thrust-ball-bearing\/\">Rodamiento de bolas de empuje<\/a><\/li><li><a href=\"https:\/\/jamabearing.com\/es\/producto\/aligning-ball-bearing\/\">Rodamiento de bolas a r\u00f3tula<\/a><\/li><\/ul>\t\t\t\t\t\t\t\t<\/div>\n\t\t\t\t<\/div>\n\t\t\t\t<div class=\"elementor-element elementor-element-ece0c46 elementor-widget elementor-widget-heading\" data-id=\"ece0c46\" data-element_type=\"widget\" data-widget_type=\"heading.default\">\n\t\t\t\t<div class=\"elementor-widget-container\">\n\t\t\t\t\t<h2 class=\"elementor-heading-title elementor-size-default\">Piezas de transmisi\u00f3n<\/h2>\t\t\t\t<\/div>\n\t\t\t\t<\/div>\n\t\t\t\t<div class=\"elementor-element elementor-element-dd33f53 elementor-widget elementor-widget-heading\" data-id=\"dd33f53\" data-element_type=\"widget\" data-widget_type=\"heading.default\">\n\t\t\t\t<div class=\"elementor-widget-container\">\n\t\t\t\t\t<h2 class=\"elementor-heading-title elementor-size-default\">Piezas de movimiento lineal<\/h2>\t\t\t\t<\/div>\n\t\t\t\t<\/div>\n\t\t\t\t<div class=\"elementor-element elementor-element-717aed1 elementor-widget elementor-widget-text-editor\" data-id=\"717aed1\" data-element_type=\"widget\" data-widget_type=\"text-editor.default\">\n\t\t\t\t<div class=\"elementor-widget-container\">\n\t\t\t\t\t\t\t\t\t<ul><li><a href=\"https:\/\/jamabearing.com\/es\/producto\/taper-bush\/\">Casquillo c\u00f3nico<\/a><\/li><li><a href=\"https:\/\/jamabearing.com\/es\/producto\/polea-de-correa\/\">Polea<\/a><\/li><li><a href=\"https:\/\/jamabearing.com\/es\/producto\/gear\/\">Engranaje<\/a><\/li><li><a href=\"https:\/\/jamabearing.com\/es\/producto\/sprocket-wheel\/\">Rueda de engranaje<\/a><\/li><\/ul>\t\t\t\t\t\t\t\t<\/div>\n\t\t\t\t<\/div>\n\t\t\t\t<div class=\"elementor-element elementor-element-1db552d elementor-widget elementor-widget-text-editor\" data-id=\"1db552d\" data-element_type=\"widget\" data-widget_type=\"text-editor.default\">\n\t\t\t\t<div class=\"elementor-widget-container\">\n\t\t\t\t\t\t\t\t\t<ul><li><a href=\"https:\/\/jamabearing.com\/es\/producto\/linear-guideway\/\">Gu\u00edas lineales<\/a><\/li><li><a href=\"https:\/\/jamabearing.com\/es\/producto\/ball-screw\/\">Husillo de bolas<\/a><\/li><li><a href=\"https:\/\/jamabearing.com\/es\/producto\/ball-screw-support-unit\/\">Unidad de soporte del husillo de bolas<\/a><\/li><li><a href=\"https:\/\/jamabearing.com\/es\/producto\/linear-bearing-with-pressed-outer-ring\/\">Rodamiento lineal con anillo exterior prensado<\/a><\/li><\/ul>\t\t\t\t\t\t\t\t<\/div>\n\t\t\t\t<\/div>\n\t\t\t\t<div class=\"elementor-element elementor-element-3b643fb elementor-widget elementor-widget-heading\" data-id=\"3b643fb\" data-element_type=\"widget\" data-widget_type=\"heading.default\">\n\t\t\t\t<div class=\"elementor-widget-container\">\n\t\t\t\t\t<h2 class=\"elementor-heading-title elementor-size-default\">Piezas de autom\u00f3viles<\/h2>\t\t\t\t<\/div>\n\t\t\t\t<\/div>\n\t\t\t\t<div class=\"elementor-element elementor-element-c38e09a elementor-widget elementor-widget-heading\" data-id=\"c38e09a\" data-element_type=\"widget\" data-widget_type=\"heading.default\">\n\t\t\t\t<div class=\"elementor-widget-container\">\n\t\t\t\t\t<h2 class=\"elementor-heading-title elementor-size-default\">Accesorios mec\u00e1nicos<\/h2>\t\t\t\t<\/div>\n\t\t\t\t<\/div>\n\t\t\t\t<div class=\"elementor-element elementor-element-1905790 elementor-widget elementor-widget-text-editor\" data-id=\"1905790\" data-element_type=\"widget\" data-widget_type=\"text-editor.default\">\n\t\t\t\t<div class=\"elementor-widget-container\">\n\t\t\t\t\t\t\t\t\t<ul><li><a href=\"https:\/\/jamabearing.com\/es\/producto\/cojinete-de-cubo-de-rueda\/\">Rodamiento de cubo de rueda<\/a><\/li><li><a href=\"https:\/\/jamabearing.com\/es\/producto\/needle-roller-bearing\/\">Rodamiento de rodillos de aguja<\/a><\/li><li><a href=\"https:\/\/jamabearing.com\/es\/producto\/cojinete-de-junta-universal\/\">Rodamiento de juntas universales<\/a><\/li><li><a href=\"https:\/\/jamabearing.com\/es\/producto\/cojinete-de-la-bomba-de-agua\/\">Rodamiento para bomba de agua<\/a><\/li><\/ul>\t\t\t\t\t\t\t\t<\/div>\n\t\t\t\t<\/div>\n\t\t\t\t<div class=\"elementor-element elementor-element-5ba3189 elementor-widget elementor-widget-text-editor\" data-id=\"5ba3189\" data-element_type=\"widget\" data-widget_type=\"text-editor.default\">\n\t\t\t\t<div class=\"elementor-widget-container\">\n\t\t\t\t\t\t\t\t\t<ul><li><a href=\"https:\/\/jamabearing.com\/es\/producto\/oil-seal\/\">Sello de aceite<\/a><\/li><\/ul>\t\t\t\t\t\t\t\t<\/div>\n\t\t\t\t<\/div>\n\t\t\t\t<\/div>\n\t\t<div class=\"elementor-element elementor-element-14b93ea e-con-full e-flex e-con e-child\" data-id=\"14b93ea\" data-element_type=\"container\">\n\t\t\t\t<div class=\"elementor-element elementor-element-f736b98 elementor-widget elementor-widget-text-editor\" data-id=\"f736b98\" data-element_type=\"widget\" data-widget_type=\"text-editor.default\">\n\t\t\t\t<div class=\"elementor-widget-container\">\n\t\t\t\t\t\t\t\t\t<ul><li><a href=\"https:\/\/jamabearing.com\/es\/convocatoria-de-la-hannover-messe-en-abril-de-2024\/\">Notificaci\u00f3n de la Exposici\u00f3n internacional de la industria de rodamientos de China 2024<\/a><\/li><li><a href=\"https:\/\/jamabearing.com\/es\/jama-bearing-company-presenta-un-nuevo-y-avanzado-laboratorio-de-ensayos\/\">Compa\u00f1\u00eda de rodamientos JAMA presenta el Nuevo Laboratorio Avanzado de Pruebas estar\u00e1 oficialmente activo y en ejecuci\u00f3n.<\/a><\/li><li><a href=\"https:\/\/jamabearing.com\/es\/notificacion-de-la-exposicion-ptc-asia-en-noviembre\/\">Notificaci\u00f3n de la exposici\u00f3n PTC ASIA en noviembre<\/a><\/li><li><a href=\"https:\/\/jamabearing.com\/es\/convocatoria-de-la-hannover-messe-en-abril-de-2024-2\/\">Notificaci\u00f3n de la Feria Industrial de Hannover en Alemania en Abril de 2024<\/a><\/li><\/ul>\t\t\t\t\t\t\t\t<\/div>\n\t\t\t\t<\/div>\n\t\t<div class=\"elementor-element elementor-element-59e5eb8 e-con-full e-flex e-con e-child\" data-id=\"59e5eb8\" data-element_type=\"container\" data-settings=\"{&quot;background_background&quot;:&quot;classic&quot;}\">\n\t\t\t\t<div class=\"elementor-element elementor-element-13ba6a5 elementor-widget elementor-widget-heading\" data-id=\"13ba6a5\" data-element_type=\"widget\" data-widget_type=\"heading.default\">\n\t\t\t\t<div class=\"elementor-widget-container\">\n\t\t\t\t\t<h2 class=\"elementor-heading-title elementor-size-default\">P\u00f3ngase en contacto con nosotros<\/h2>\t\t\t\t<\/div>\n\t\t\t\t<\/div>\n\t\t\t\t<\/div>\n\t\t<div class=\"elementor-element elementor-element-2bea664 e-con-full e-flex e-con e-child\" data-id=\"2bea664\" data-element_type=\"container\" data-settings=\"{&quot;background_background&quot;:&quot;classic&quot;}\">\n\t\t<div class=\"elementor-element elementor-element-9a10d96 e-grid e-con-full e-con e-child\" data-id=\"9a10d96\" data-element_type=\"container\">\n\t\t\t\t<div class=\"elementor-element elementor-element-a3e441c elementor-widget elementor-widget-text-editor\" data-id=\"a3e441c\" data-element_type=\"widget\" data-widget_type=\"text-editor.default\">\n\t\t\t\t<div class=\"elementor-widget-container\">\n\t\t\t\t\t\t\t\t\t<p><span class=\"elementor-icon-list-text\">Add\uff1a12-AB Yinhe Building No.988 Xiahe Road Xiamen Fujian China 361009<\/span><\/p><p><span class=\"elementor-icon-list-text\">Tel\uff1a+86 592-5163686<\/span><\/p><p><span class=\"elementor-icon-list-text\">Fax\uff1a+86 592-5163685<\/span><\/p><p><span class=\"elementor-icon-list-text\">Correo electr\u00f3nico: jama@jamabearing.com<\/span><\/p>\t\t\t\t\t\t\t\t<\/div>\n\t\t\t\t<\/div>\n\t\t\t\t<div class=\"elementor-element elementor-element-9bfe26a elementor-button-align-stretch elementor-widget elementor-widget-form\" data-id=\"9bfe26a\" data-element_type=\"widget\" data-settings=\"{&quot;step_next_label&quot;:&quot;Next&quot;,&quot;step_previous_label&quot;:&quot;Previous&quot;,&quot;button_width&quot;:&quot;100&quot;,&quot;step_type&quot;:&quot;number_text&quot;,&quot;step_icon_shape&quot;:&quot;circle&quot;}\" data-widget_type=\"form.default\">\n\t\t\t\t<div class=\"elementor-widget-container\">\n\t\t\t\t\t\t\t<form class=\"elementor-form\" method=\"post\" name=\"New Form\" action=\"\">\n\t\t\t<input type=\"hidden\" name=\"post_id\" value=\"3155\"\/>\n\t\t\t<input type=\"hidden\" name=\"form_id\" value=\"9bfe26a\"\/>\n\t\t\t<input type=\"hidden\" name=\"referer_title\" value=\"SITEMAP\" \/>\n\n\t\t\t\t\t\t\t<input type=\"hidden\" name=\"queried_id\" value=\"3155\"\/>\n\t\t\t\n\t\t\t<div class=\"elementor-form-fields-wrapper elementor-labels-\">\n\t\t\t\t\t\t\t\t<div class=\"elementor-field-type-text elementor-field-group elementor-column elementor-field-group-name elementor-col-100 elementor-field-required\">\n\t\t\t\t\t\t\t\t\t\t\t\t<label for=\"form-field-name\" class=\"elementor-field-label elementor-screen-only\">\n\t\t\t\t\t\t\t\tNombre\t\t\t\t\t\t\t<\/label>\n\t\t\t\t\t\t\t\t\t\t\t\t\t\t<input size=\"1\" type=\"text\" name=\"form_fields[name]\" id=\"form-field-name\" class=\"elementor-field elementor-size-sm  elementor-field-textual\" placeholder=\"Nombre\" required=\"required\">\n\t\t\t\t\t\t\t\t\t\t\t<\/div>\n\t\t\t\t\t\t\t\t<div class=\"elementor-field-type-email elementor-field-group elementor-column elementor-field-group-email elementor-col-100 elementor-field-required\">\n\t\t\t\t\t\t\t\t\t\t\t\t<label for=\"form-field-email\" class=\"elementor-field-label elementor-screen-only\">\n\t\t\t\t\t\t\t\tCorreo electr\u00f3nico\t\t\t\t\t\t\t<\/label>\n\t\t\t\t\t\t\t\t\t\t\t\t\t\t<input size=\"1\" type=\"email\" name=\"form_fields[email]\" id=\"form-field-email\" class=\"elementor-field elementor-size-sm  elementor-field-textual\" placeholder=\"Correo electr\u00f3nico\" required=\"required\">\n\t\t\t\t\t\t\t\t\t\t\t<\/div>\n\t\t\t\t\t\t\t\t<div class=\"elementor-field-type-textarea elementor-field-group elementor-column elementor-field-group-message elementor-col-100 elementor-field-required\">\n\t\t\t\t\t\t\t\t\t\t\t\t<label for=\"form-field-message\" class=\"elementor-field-label elementor-screen-only\">\n\t\t\t\t\t\t\t\tContenido\t\t\t\t\t\t\t<\/label>\n\t\t\t\t\t\t<textarea class=\"elementor-field-textual elementor-field  elementor-size-sm\" name=\"form_fields[message]\" id=\"form-field-message\" rows=\"2\" placeholder=\"Contenido\" required=\"required\"><\/textarea>\t\t\t\t<\/div>\n\t\t\t\t\t\t\t\t<div class=\"elementor-field-group elementor-column elementor-field-type-submit elementor-col-100 e-form__buttons\">\n\t\t\t\t\t<button class=\"elementor-button elementor-size-sm\" type=\"submit\">\n\t\t\t\t\t\t<span class=\"elementor-button-content-wrapper\">\n\t\t\t\t\t\t\t\t\t\t\t\t\t\t\t\t\t\t\t\t\t\t<span class=\"elementor-button-text\">Deja un mensaje<\/span>\n\t\t\t\t\t\t\t\t\t\t\t\t\t<\/span>\n\t\t\t\t\t<\/button>\n\t\t\t\t<\/div>\n\t\t\t<\/div>\n\t\t<input type=\"hidden\" name=\"trp-form-language\" value=\"es\"\/><\/form>\n\t\t\t\t\t\t<\/div>\n\t\t\t\t<\/div>\n\t\t\t\t<\/div>\n\t\t\t\t<\/div>\n\t\t\t\t<\/div>\n\t\t\t\t<\/div>\n\t\t\t\t<\/div>\n\t\t\t\t<\/div>","protected":false},"excerpt":{"rendered":"<p>SITEMAP Company ABOUT US CONTACT US Product News Bearing Units Ball &#038; Roller Bearings Insert Ball Bearing &#8211; UEL200 Series Insert Ball Bearing &#8211; CSB200 Series Insert Ball [&hellip;]<\/p>","protected":false},"author":1,"featured_media":0,"parent":0,"menu_order":0,"comment_status":"closed","ping_status":"closed","template":"","meta":{"_acf_changed":false,"site-sidebar-layout":"no-sidebar","site-content-layout":"page-builder","ast-site-content-layout":"full-width-container","site-content-style":"default","site-sidebar-style":"default","ast-global-header-display":"","ast-banner-title-visibility":"","ast-main-header-display":"","ast-hfb-above-header-display":"","ast-hfb-below-header-display":"","ast-hfb-mobile-header-display":"","site-post-title":"disabled","ast-breadcrumbs-content":"","ast-featured-img":"disabled","footer-sml-layout":"","theme-transparent-header-meta":"","adv-header-id-meta":"","stick-header-meta":"","header-above-stick-meta":"","header-main-stick-meta":"","header-below-stick-meta":"","astra-migrate-meta-layouts":"set","ast-page-background-enabled":"default","ast-page-background-meta":{"desktop":{"background-color":"","background-image":"","background-repeat":"repeat","background-position":"center center","background-size":"auto","background-attachment":"scroll","background-type":"","background-media":"","overlay-type":"","overlay-color":"","overlay-opacity":"","overlay-gradient":""},"tablet":{"background-color":"","background-image":"","background-repeat":"repeat","background-position":"center center","background-size":"auto","background-attachment":"scroll","background-type":"","background-media":"","overlay-type":"","overlay-color":"","overlay-opacity":"","overlay-gradient":""},"mobile":{"background-color":"","background-image":"","background-repeat":"repeat","background-position":"center center","background-size":"auto","background-attachment":"scroll","background-type":"","background-media":"","overlay-type":"","overlay-color":"","overlay-opacity":"","overlay-gradient":""}},"ast-content-background-meta":{"desktop":{"background-color":"var(--ast-global-color-5)","background-image":"","background-repeat":"repeat","background-position":"center center","background-size":"auto","background-attachment":"scroll","background-type":"","background-media":"","overlay-type":"","overlay-color":"","overlay-opacity":"","overlay-gradient":""},"tablet":{"background-color":"var(--ast-global-color-5)","background-image":"","background-repeat":"repeat","background-position":"center center","background-size":"auto","background-attachment":"scroll","background-type":"","background-media":"","overlay-type":"","overlay-color":"","overlay-opacity":"","overlay-gradient":""},"mobile":{"background-color":"var(--ast-global-color-5)","background-image":"","background-repeat":"repeat","background-position":"center center","background-size":"auto","background-attachment":"scroll","background-type":"","background-media":"","overlay-type":"","overlay-color":"","overlay-opacity":"","overlay-gradient":""}},"footnotes":""},"class_list":["post-3155","page","type-page","status-publish","hentry"],"acf":[],"_links":{"self":[{"href":"https:\/\/jamabearing.com\/es\/wp-json\/wp\/v2\/pages\/3155","targetHints":{"allow":["GET"]}}],"collection":[{"href":"https:\/\/jamabearing.com\/es\/wp-json\/wp\/v2\/pages"}],"about":[{"href":"https:\/\/jamabearing.com\/es\/wp-json\/wp\/v2\/types\/page"}],"author":[{"embeddable":true,"href":"https:\/\/jamabearing.com\/es\/wp-json\/wp\/v2\/users\/1"}],"replies":[{"embeddable":true,"href":"https:\/\/jamabearing.com\/es\/wp-json\/wp\/v2\/comments?post=3155"}],"version-history":[{"count":56,"href":"https:\/\/jamabearing.com\/es\/wp-json\/wp\/v2\/pages\/3155\/revisions"}],"predecessor-version":[{"id":3216,"href":"https:\/\/jamabearing.com\/es\/wp-json\/wp\/v2\/pages\/3155\/revisions\/3216"}],"wp:attachment":[{"href":"https:\/\/jamabearing.com\/es\/wp-json\/wp\/v2\/media?parent=3155"}],"curies":[{"name":"wp","href":"https:\/\/api.w.org\/{rel}","templated":true}]}}