{"id":1957,"date":"2025-04-07T17:05:45","date_gmt":"2025-04-07T17:05:45","guid":{"rendered":"https:\/\/jamabearing.com\/?page_id=1957"},"modified":"2025-04-19T05:51:21","modified_gmt":"2025-04-19T05:51:21","slug":"noticias","status":"publish","type":"page","link":"https:\/\/jamabearing.com\/es\/noticias\/","title":{"rendered":"NOTICIAS"},"content":{"rendered":"<div data-elementor-type=\"wp-page\" data-elementor-id=\"1957\" class=\"elementor elementor-1957\" data-elementor-post-type=\"page\">\n\t\t\t\t<div class=\"elementor-element elementor-element-51f6805c e-flex e-con-boxed e-con e-parent\" data-id=\"51f6805c\" data-element_type=\"container\" data-settings=\"{&quot;background_background&quot;:&quot;classic&quot;}\">\n\t\t\t\t\t<div class=\"e-con-inner\">\n\t\t\t\t<div class=\"elementor-element elementor-element-4892341d elementor-invisible elementor-widget elementor-widget-image\" data-id=\"4892341d\" data-element_type=\"widget\" data-settings=\"{&quot;_animation&quot;:&quot;fadeInUp&quot;}\" data-widget_type=\"image.default\">\n\t\t\t\t<div class=\"elementor-widget-container\">\n\t\t\t\t\t\t\t\t\t\t\t\t\t\t\t<img decoding=\"async\" src=\"https:\/\/jamabearing.com\/wp-content\/uploads\/elementor\/thumbs\/\u70b9\u70b9\u70b9\u70b9-r6d5mno8kn510c6rx2u3b8241imsrawz7knw1cqp9w.png\" title=\"\u70b9\u70b9\u70b9\u70b9\" alt=\"\u70b9\u70b9\u70b9\u70b9\" loading=\"lazy\" \/>\t\t\t\t\t\t\t\t\t\t\t\t\t\t\t<\/div>\n\t\t\t\t<\/div>\n\t\t\t\t<div class=\"elementor-element elementor-element-7ede5ed3 elementor-invisible elementor-widget elementor-widget-heading\" data-id=\"7ede5ed3\" data-element_type=\"widget\" data-settings=\"{&quot;_animation&quot;:&quot;fadeInUp&quot;}\" data-widget_type=\"heading.default\">\n\t\t\t\t<div class=\"elementor-widget-container\">\n\t\t\t\t\t<h2 class=\"elementor-heading-title elementor-size-default\">NOTICIAS<\/h2>\t\t\t\t<\/div>\n\t\t\t\t<\/div>\n\t\t\t\t<div class=\"elementor-element elementor-element-18d93b72 elementor-invisible elementor-widget elementor-widget-woocommerce-breadcrumb\" data-id=\"18d93b72\" data-element_type=\"widget\" data-settings=\"{&quot;_animation&quot;:&quot;fadeInUp&quot;}\" data-widget_type=\"woocommerce-breadcrumb.default\">\n\t\t\t\t<div class=\"elementor-widget-container\">\n\t\t\t\t\t<nav class=\"woocommerce-breadcrumb\" aria-label=\"Breadcrumb\" data-no-translation=\"\" data-trp-gettext=\"\">Inicio<\/nav>\t\t\t\t<\/div>\n\t\t\t\t<\/div>\n\t\t\t\t\t<\/div>\n\t\t\t\t<\/div>\n\t\t<div class=\"elementor-element elementor-element-022802c e-flex e-con-boxed e-con e-parent\" data-id=\"022802c\" data-element_type=\"container\" data-settings=\"{&quot;background_background&quot;:&quot;classic&quot;}\">\n\t\t\t\t\t<div class=\"e-con-inner\">\n\t\t\t\t<div class=\"elementor-element elementor-element-94fbe58 elementor-grid-3 elementor-grid-tablet-2 elementor-grid-mobile-1 elementor-posts--thumbnail-top elementor-invisible elementor-widget elementor-widget-posts\" data-id=\"94fbe58\" data-element_type=\"widget\" data-settings=\"{&quot;pagination_type&quot;:&quot;load_more_infinite_scroll&quot;,&quot;_animation&quot;:&quot;fadeInUp&quot;,&quot;classic_columns&quot;:&quot;3&quot;,&quot;classic_columns_tablet&quot;:&quot;2&quot;,&quot;classic_columns_mobile&quot;:&quot;1&quot;,&quot;classic_row_gap&quot;:{&quot;unit&quot;:&quot;px&quot;,&quot;size&quot;:35,&quot;sizes&quot;:[]},&quot;classic_row_gap_tablet&quot;:{&quot;unit&quot;:&quot;px&quot;,&quot;size&quot;:&quot;&quot;,&quot;sizes&quot;:[]},&quot;classic_row_gap_mobile&quot;:{&quot;unit&quot;:&quot;px&quot;,&quot;size&quot;:&quot;&quot;,&quot;sizes&quot;:[]},&quot;load_more_spinner&quot;:{&quot;value&quot;:&quot;fas fa-spinner&quot;,&quot;library&quot;:&quot;fa-solid&quot;}}\" data-widget_type=\"posts.classic\">\n\t\t\t\t<div class=\"elementor-widget-container\">\n\t\t\t\t\t\t\t<div class=\"elementor-posts-container elementor-posts elementor-posts--skin-classic elementor-grid\">\n\t\t\t\t<article class=\"elementor-post elementor-grid-item post-3661 post type-post status-publish format-standard has-post-thumbnail hentry category-news\">\n\t\t\t\t<a class=\"elementor-post__thumbnail__link\" href=\"https:\/\/jamabearing.com\/es\/notification-of-ptc-asia-exhibition-in-october\/\" tabindex=\"-1\" target=\"&quot;_blank&quot;\">\n\t\t\t<div class=\"elementor-post__thumbnail\"><img fetchpriority=\"high\" decoding=\"async\" width=\"723\" height=\"800\" src=\"https:\/\/jamabearing.com\/wp-content\/uploads\/2025\/11\/08bfc83bc05949c06a4d2ed777755bdd-2-723x800.jpg\" class=\"attachment-medium size-medium wp-image-3665\" alt=\"\" srcset=\"https:\/\/jamabearing.com\/wp-content\/uploads\/2025\/11\/08bfc83bc05949c06a4d2ed777755bdd-2-723x800.jpg 723w, https:\/\/jamabearing.com\/wp-content\/uploads\/2025\/11\/08bfc83bc05949c06a4d2ed777755bdd-2-768x850.jpg 768w, https:\/\/jamabearing.com\/wp-content\/uploads\/2025\/11\/08bfc83bc05949c06a4d2ed777755bdd-2-11x12.jpg 11w, https:\/\/jamabearing.com\/wp-content\/uploads\/2025\/11\/08bfc83bc05949c06a4d2ed777755bdd-2-800x886.jpg 800w, https:\/\/jamabearing.com\/wp-content\/uploads\/2025\/11\/08bfc83bc05949c06a4d2ed777755bdd-2.jpg 1206w\" sizes=\"(max-width: 723px) 100vw, 723px\" \/><\/div>\n\t\t<\/a>\n\t\t\t\t<div class=\"elementor-post__text\">\n\t\t\t\t<h3 class=\"elementor-post__title\">\n\t\t\t<a href=\"https:\/\/jamabearing.com\/es\/notification-of-ptc-asia-exhibition-in-october\/\" target=\"&quot;_blank&quot;\">\n\t\t\t\tNotification of PTC ASIA Exhibition in October\t\t\t<\/a>\n\t\t<\/h3>\n\t\t\t\t<div class=\"elementor-post__meta-data\">\n\t\t\t\t\t<span class=\"elementor-post-date\">\n\t\t\tnoviembre 26, 2025\t\t<\/span>\n\t\t\t\t<\/div>\n\t\t\t\t<div class=\"elementor-post__excerpt\">\n\t\t\t<p>Hello! dear friends, We are pleased to invite you to visit&nbsp;JAMA&nbsp;at&nbsp;the 29th Power Transmission and Control Asia exhibition, from October 28th-31st, 2025. You can find us at Booth E8-B3-5. PTC<\/p>\n\t\t<\/div>\n\t\t\t\t<\/div>\n\t\t\t\t<\/article>\n\t\t\t\t<article class=\"elementor-post elementor-grid-item post-1845 post type-post status-publish format-standard has-post-thumbnail hentry category-news\">\n\t\t\t\t<a class=\"elementor-post__thumbnail__link\" href=\"https:\/\/jamabearing.com\/es\/convocatoria-de-la-hannover-messe-en-abril-de-2024\/\" tabindex=\"-1\" target=\"&quot;_blank&quot;\">\n\t\t\t<div class=\"elementor-post__thumbnail\"><img decoding=\"async\" width=\"800\" height=\"571\" src=\"https:\/\/jamabearing.com\/wp-content\/uploads\/2025\/04\/22-800x571.png\" class=\"attachment-medium size-medium wp-image-2307\" alt=\"\" srcset=\"https:\/\/jamabearing.com\/wp-content\/uploads\/2025\/04\/22-800x571.png 800w, https:\/\/jamabearing.com\/wp-content\/uploads\/2025\/04\/22-500x357.png 500w, https:\/\/jamabearing.com\/wp-content\/uploads\/2025\/04\/22-768x548.png 768w, https:\/\/jamabearing.com\/wp-content\/uploads\/2025\/04\/22.png 1231w\" sizes=\"(max-width: 800px) 100vw, 800px\" \/><\/div>\n\t\t<\/a>\n\t\t\t\t<div class=\"elementor-post__text\">\n\t\t\t\t<h3 class=\"elementor-post__title\">\n\t\t\t<a href=\"https:\/\/jamabearing.com\/es\/convocatoria-de-la-hannover-messe-en-abril-de-2024\/\" target=\"&quot;_blank&quot;\">\n\t\t\t\tNotificaci\u00f3n de la Exposici\u00f3n internacional de la industria de rodamientos de China 2024\t\t\t<\/a>\n\t\t<\/h3>\n\t\t\t\t<div class=\"elementor-post__meta-data\">\n\t\t\t\t\t<span class=\"elementor-post-date\">\n\t\t\t27 de septiembre de 2024\t\t<\/span>\n\t\t\t\t<\/div>\n\t\t\t\t<div class=\"elementor-post__excerpt\">\n\t\t\t<p>Hola queridos amigos, Gracias por todo su apoyo y confianza. JAMA asistir\u00e1 a 2024 China International Bearing Industry exhibition en noviembre 25-28, 2024, que sinceramente le invitamos a visitar nuestro stand. 2024<\/p>\n\t\t<\/div>\n\t\t\t\t<\/div>\n\t\t\t\t<\/article>\n\t\t\t\t<article class=\"elementor-post elementor-grid-item post-1855 post type-post status-publish format-standard has-post-thumbnail hentry category-news\">\n\t\t\t\t<a class=\"elementor-post__thumbnail__link\" href=\"https:\/\/jamabearing.com\/es\/notificacion-de-la-exposicion-ptc-asia-en-noviembre\/\" tabindex=\"-1\" target=\"&quot;_blank&quot;\">\n\t\t\t<div class=\"elementor-post__thumbnail\"><img decoding=\"async\" width=\"680\" height=\"401\" src=\"https:\/\/jamabearing.com\/wp-content\/uploads\/2025\/04\/image-1.png\" class=\"attachment-medium size-medium wp-image-1856\" alt=\"\" srcset=\"https:\/\/jamabearing.com\/wp-content\/uploads\/2025\/04\/image-1.png 680w, https:\/\/jamabearing.com\/wp-content\/uploads\/2025\/04\/image-1-500x295.png 500w\" sizes=\"(max-width: 680px) 100vw, 680px\" \/><\/div>\n\t\t<\/a>\n\t\t\t\t<div class=\"elementor-post__text\">\n\t\t\t\t<h3 class=\"elementor-post__title\">\n\t\t\t<a href=\"https:\/\/jamabearing.com\/es\/notificacion-de-la-exposicion-ptc-asia-en-noviembre\/\" target=\"&quot;_blank&quot;\">\n\t\t\t\tNotificaci\u00f3n de la exposici\u00f3n PTC ASIA en noviembre\t\t\t<\/a>\n\t\t<\/h3>\n\t\t\t\t<div class=\"elementor-post__meta-data\">\n\t\t\t\t\t<span class=\"elementor-post-date\">\n\t\t\t26 septiembre 2024\t\t<\/span>\n\t\t\t\t<\/div>\n\t\t\t\t<div class=\"elementor-post__excerpt\">\n\t\t\t<p>Hola queridos amigos, Gracias por todo su apoyo y confianza. JAMA asistir\u00e1 a la 28 \u00aa Transmisi\u00f3n de Potencia y Control de Asia exposici\u00f3n en noviembre 5-8th, 2024, que invitamos sinceramente a<\/p>\n\t\t<\/div>\n\t\t\t\t<\/div>\n\t\t\t\t<\/article>\n\t\t\t\t<article class=\"elementor-post elementor-grid-item post-1865 post type-post status-publish format-standard has-post-thumbnail hentry category-news\">\n\t\t\t\t<a class=\"elementor-post__thumbnail__link\" href=\"https:\/\/jamabearing.com\/es\/jama-bearing-company-presenta-un-nuevo-y-avanzado-laboratorio-de-ensayos\/\" tabindex=\"-1\" target=\"&quot;_blank&quot;\">\n\t\t\t<div class=\"elementor-post__thumbnail\"><img loading=\"lazy\" decoding=\"async\" width=\"800\" height=\"600\" src=\"https:\/\/jamabearing.com\/wp-content\/uploads\/2025\/04\/image-8.png\" class=\"attachment-medium size-medium wp-image-1869\" alt=\"\" \/><\/div>\n\t\t<\/a>\n\t\t\t\t<div class=\"elementor-post__text\">\n\t\t\t\t<h3 class=\"elementor-post__title\">\n\t\t\t<a href=\"https:\/\/jamabearing.com\/es\/jama-bearing-company-presenta-un-nuevo-y-avanzado-laboratorio-de-ensayos\/\" target=\"&quot;_blank&quot;\">\n\t\t\t\tCompa\u00f1\u00eda de rodamientos JAMA presenta el Nuevo Laboratorio Avanzado de Pruebas estar\u00e1 oficialmente activo y en ejecuci\u00f3n.\t\t\t<\/a>\n\t\t<\/h3>\n\t\t\t\t<div class=\"elementor-post__meta-data\">\n\t\t\t\t\t<span class=\"elementor-post-date\">\n\t\t\t31 de julio de 2024\t\t<\/span>\n\t\t\t\t<\/div>\n\t\t\t\t<div class=\"elementor-post__excerpt\">\n\t\t\t<p>Nos complace anunciar que, a partir de julio de 2024, nuestro laboratorio de inspecci\u00f3n actualizado estar\u00e1 oficialmente en funcionamiento. Con 50 metros cuadrados de espacio, est\u00e1 libre de polvo, est\u00e9ril y con temperatura controlada. Tambi\u00e9n est\u00e1 equipado con<\/p>\n\t\t<\/div>\n\t\t\t\t<\/div>\n\t\t\t\t<\/article>\n\t\t\t\t<article class=\"elementor-post elementor-grid-item post-1871 post type-post status-publish format-standard has-post-thumbnail hentry category-news\">\n\t\t\t\t<a class=\"elementor-post__thumbnail__link\" href=\"https:\/\/jamabearing.com\/es\/convocatoria-de-la-hannover-messe-en-abril-de-2024-2\/\" tabindex=\"-1\" target=\"&quot;_blank&quot;\">\n\t\t\t<div class=\"elementor-post__thumbnail\"><img loading=\"lazy\" decoding=\"async\" width=\"519\" height=\"387\" src=\"https:\/\/jamabearing.com\/wp-content\/uploads\/2025\/04\/4-1.webp\" class=\"attachment-medium size-medium wp-image-1874\" alt=\"\" srcset=\"https:\/\/jamabearing.com\/wp-content\/uploads\/2025\/04\/4-1.webp 519w, https:\/\/jamabearing.com\/wp-content\/uploads\/2025\/04\/4-1-500x373.webp 500w\" sizes=\"(max-width: 519px) 100vw, 519px\" \/><\/div>\n\t\t<\/a>\n\t\t\t\t<div class=\"elementor-post__text\">\n\t\t\t\t<h3 class=\"elementor-post__title\">\n\t\t\t<a href=\"https:\/\/jamabearing.com\/es\/convocatoria-de-la-hannover-messe-en-abril-de-2024-2\/\" target=\"&quot;_blank&quot;\">\n\t\t\t\tNotificaci\u00f3n de la Feria Industrial de Hannover en Alemania en Abril de 2024\t\t\t<\/a>\n\t\t<\/h3>\n\t\t\t\t<div class=\"elementor-post__meta-data\">\n\t\t\t\t\t<span class=\"elementor-post-date\">\n\t\t\t28 de febrero de 2024\t\t<\/span>\n\t\t\t\t<\/div>\n\t\t\t\t<div class=\"elementor-post__excerpt\">\n\t\t\t<p>XIAMEN JAMA Bearing Company participar\u00e1 en \"Hannover Messe 2024\" del 22 al 26 de abril de 2024. Invitamos sinceramente a los clientes de todo el mundo a visitar nuestro stand e intercambiar opiniones. Hannover Messe es<\/p>\n\t\t<\/div>\n\t\t\t\t<\/div>\n\t\t\t\t<\/article>\n\t\t\t\t<article class=\"elementor-post elementor-grid-item post-1876 post type-post status-publish format-standard has-post-thumbnail hentry category-news\">\n\t\t\t\t<a class=\"elementor-post__thumbnail__link\" href=\"https:\/\/jamabearing.com\/es\/jama-estanteria-tridimensional-para-almacen-empezar-a-utilizar\/\" tabindex=\"-1\" target=\"&quot;_blank&quot;\">\n\t\t\t<div class=\"elementor-post__thumbnail\"><img loading=\"lazy\" decoding=\"async\" width=\"800\" height=\"600\" src=\"https:\/\/jamabearing.com\/wp-content\/uploads\/2025\/04\/image-13-800x600.png\" class=\"attachment-medium size-medium wp-image-1880\" alt=\"\" srcset=\"https:\/\/jamabearing.com\/wp-content\/uploads\/2025\/04\/image-13-800x600.png 800w, https:\/\/jamabearing.com\/wp-content\/uploads\/2025\/04\/image-13-1400x1050.png 1400w, https:\/\/jamabearing.com\/wp-content\/uploads\/2025\/04\/image-13-500x375.png 500w, https:\/\/jamabearing.com\/wp-content\/uploads\/2025\/04\/image-13-768x576.png 768w, https:\/\/jamabearing.com\/wp-content\/uploads\/2025\/04\/image-13-1536x1152.png 1536w, https:\/\/jamabearing.com\/wp-content\/uploads\/2025\/04\/image-13.png 1600w\" sizes=\"(max-width: 800px) 100vw, 800px\" \/><\/div>\n\t\t<\/a>\n\t\t\t\t<div class=\"elementor-post__text\">\n\t\t\t\t<h3 class=\"elementor-post__title\">\n\t\t\t<a href=\"https:\/\/jamabearing.com\/es\/jama-estanteria-tridimensional-para-almacen-empezar-a-utilizar\/\" target=\"&quot;_blank&quot;\">\n\t\t\t\tEL 3D Rack DE Almacenamiento DE JAMA Comience A Utilizarlo\t\t\t<\/a>\n\t\t<\/h3>\n\t\t\t\t<div class=\"elementor-post__meta-data\">\n\t\t\t\t\t<span class=\"elementor-post-date\">\n\t\t\t26 de julio de 2022\t\t<\/span>\n\t\t\t\t<\/div>\n\t\t\t\t<div class=\"elementor-post__excerpt\">\n\t\t\t<p>Despu\u00e9s de un per\u00edodo de tiempo, hemos terminado de dise\u00f1ar y construir el Nuevo Almac\u00e9n 3D, que ya se ha puesto en marcha. El Nuevo Sistema de Almac\u00e9n 3D puede contener alrededor de 3000pcs.<\/p>\n\t\t<\/div>\n\t\t\t\t<\/div>\n\t\t\t\t<\/article>\n\t\t\t\t<article class=\"elementor-post elementor-grid-item post-1883 post type-post status-publish format-standard has-post-thumbnail hentry category-news\">\n\t\t\t\t<a class=\"elementor-post__thumbnail__link\" href=\"https:\/\/jamabearing.com\/es\/entregas-de-jama-a-la-nueva-fabrica\/\" tabindex=\"-1\" target=\"&quot;_blank&quot;\">\n\t\t\t<div class=\"elementor-post__thumbnail\"><img loading=\"lazy\" decoding=\"async\" width=\"800\" height=\"600\" src=\"https:\/\/jamabearing.com\/wp-content\/uploads\/2025\/04\/image-17-800x600.png\" class=\"attachment-medium size-medium wp-image-1886\" alt=\"\" srcset=\"https:\/\/jamabearing.com\/wp-content\/uploads\/2025\/04\/image-17-800x600.png 800w, https:\/\/jamabearing.com\/wp-content\/uploads\/2025\/04\/image-17-1400x1050.png 1400w, https:\/\/jamabearing.com\/wp-content\/uploads\/2025\/04\/image-17-500x375.png 500w, https:\/\/jamabearing.com\/wp-content\/uploads\/2025\/04\/image-17-768x576.png 768w, https:\/\/jamabearing.com\/wp-content\/uploads\/2025\/04\/image-17-1536x1152.png 1536w, https:\/\/jamabearing.com\/wp-content\/uploads\/2025\/04\/image-17.png 1600w\" sizes=\"(max-width: 800px) 100vw, 800px\" \/><\/div>\n\t\t<\/a>\n\t\t\t\t<div class=\"elementor-post__text\">\n\t\t\t\t<h3 class=\"elementor-post__title\">\n\t\t\t<a href=\"https:\/\/jamabearing.com\/es\/entregas-de-jama-a-la-nueva-fabrica\/\" target=\"&quot;_blank&quot;\">\n\t\t\t\tReubicaci\u00f3n de la nueva f\u00e1brica de JAMA\t\t\t<\/a>\n\t\t<\/h3>\n\t\t\t\t<div class=\"elementor-post__meta-data\">\n\t\t\t\t\t<span class=\"elementor-post-date\">\n\t\t\t15 de diciembre de 2021\t\t<\/span>\n\t\t\t\t<\/div>\n\t\t\t\t<div class=\"elementor-post__excerpt\">\n\t\t\t<p>JAMA nueva f\u00e1brica que es invertido y construido por nosotros mismos se ha completado y trasladado oficialmente en diciembre de 2021. El \u00e1rea total de construcci\u00f3n es de casi 10.000 metros cuadrados, y la<\/p>\n\t\t<\/div>\n\t\t\t\t<\/div>\n\t\t\t\t<\/article>\n\t\t\t\t<article class=\"elementor-post elementor-grid-item post-1888 post type-post status-publish format-standard has-post-thumbnail hentry category-news\">\n\t\t\t\t<a class=\"elementor-post__thumbnail__link\" href=\"https:\/\/jamabearing.com\/es\/conferencia-anual-jama-company-2021\/\" tabindex=\"-1\" target=\"&quot;_blank&quot;\">\n\t\t\t<div class=\"elementor-post__thumbnail\"><img loading=\"lazy\" decoding=\"async\" width=\"800\" height=\"600\" src=\"https:\/\/jamabearing.com\/wp-content\/uploads\/2025\/04\/image-18.png\" class=\"attachment-medium size-medium wp-image-1889\" alt=\"\" \/><\/div>\n\t\t<\/a>\n\t\t\t\t<div class=\"elementor-post__text\">\n\t\t\t\t<h3 class=\"elementor-post__title\">\n\t\t\t<a href=\"https:\/\/jamabearing.com\/es\/conferencia-anual-jama-company-2021\/\" target=\"&quot;_blank&quot;\">\n\t\t\t\tLa Reuni\u00f3n Anual De 2021 De JAMA\t\t\t<\/a>\n\t\t<\/h3>\n\t\t\t\t<div class=\"elementor-post__meta-data\">\n\t\t\t\t\t<span class=\"elementor-post-date\">\n\t\t\t9 de febrero de 2021\t\t<\/span>\n\t\t\t\t<\/div>\n\t\t\t\t<div class=\"elementor-post__excerpt\">\n\t\t\t<p>2020 fue un a\u00f1o extraordinario, un a\u00f1o tanto de dificultades como de emociones. JAMA Company celebr\u00f3 la Conferencia Anual 2021 el 7 de febrero, a pesar del impacto de la epidemia del a\u00f1o pasado,<\/p>\n\t\t<\/div>\n\t\t\t\t<\/div>\n\t\t\t\t<\/article>\n\t\t\t\t<article class=\"elementor-post elementor-grid-item post-1896 post type-post status-publish format-standard has-post-thumbnail hentry category-news\">\n\t\t\t\t<a class=\"elementor-post__thumbnail__link\" href=\"https:\/\/jamabearing.com\/es\/se-recupera-la-construccion-de-la-nueva-fabrica-de-jama\/\" tabindex=\"-1\" target=\"&quot;_blank&quot;\">\n\t\t\t<div class=\"elementor-post__thumbnail\"><img loading=\"lazy\" decoding=\"async\" width=\"426\" height=\"320\" src=\"https:\/\/jamabearing.com\/wp-content\/uploads\/2025\/04\/copy_\u526f\u672c.jpg\" class=\"attachment-medium size-medium wp-image-2306\" alt=\"\" srcset=\"https:\/\/jamabearing.com\/wp-content\/uploads\/2025\/04\/copy_\u526f\u672c.jpg 426w, https:\/\/jamabearing.com\/wp-content\/uploads\/2025\/04\/copy_\u526f\u672c-300x225.jpg 300w\" sizes=\"(max-width: 426px) 100vw, 426px\" \/><\/div>\n\t\t<\/a>\n\t\t\t\t<div class=\"elementor-post__text\">\n\t\t\t\t<h3 class=\"elementor-post__title\">\n\t\t\t<a href=\"https:\/\/jamabearing.com\/es\/se-recupera-la-construccion-de-la-nueva-fabrica-de-jama\/\" target=\"&quot;_blank&quot;\">\n\t\t\t\tSe ha recuperadd la construcci\u00f3n de la nueva f\u00e1brica\t\t\t<\/a>\n\t\t<\/h3>\n\t\t\t\t<div class=\"elementor-post__meta-data\">\n\t\t\t\t\t<span class=\"elementor-post-date\">\n\t\t\t18 de marzo de 2020\t\t<\/span>\n\t\t\t\t<\/div>\n\t\t\t\t<div class=\"elementor-post__excerpt\">\n\t\t\t<p>Afectada por la Fiesta de la Primavera china y el Coronavirus, nuestra nueva f\u00e1brica de rodamientos UC recuper\u00f3 oficialmente la construcci\u00f3n a principios de marzo. La f\u00e1brica est\u00e1 situada en la zona central del sur de<\/p>\n\t\t<\/div>\n\t\t\t\t<\/div>\n\t\t\t\t<\/article>\n\t\t\t\t<article class=\"elementor-post elementor-grid-item post-1903 post type-post status-publish format-standard has-post-thumbnail hentry category-news\">\n\t\t\t\t<a class=\"elementor-post__thumbnail__link\" href=\"https:\/\/jamabearing.com\/es\/jama-company-2020-conferencia-anual-y-10o-aniversario\/\" tabindex=\"-1\" target=\"&quot;_blank&quot;\">\n\t\t\t<div class=\"elementor-post__thumbnail\"><img loading=\"lazy\" decoding=\"async\" width=\"800\" height=\"600\" src=\"https:\/\/jamabearing.com\/wp-content\/uploads\/2025\/04\/image-29.png\" class=\"attachment-medium size-medium wp-image-1909\" alt=\"\" \/><\/div>\n\t\t<\/a>\n\t\t\t\t<div class=\"elementor-post__text\">\n\t\t\t\t<h3 class=\"elementor-post__title\">\n\t\t\t<a href=\"https:\/\/jamabearing.com\/es\/jama-company-2020-conferencia-anual-y-10o-aniversario\/\" target=\"&quot;_blank&quot;\">\n\t\t\t\tLa conferencia anual y d\u00e9cimo aniversario de JAMA 2020\t\t\t<\/a>\n\t\t<\/h3>\n\t\t\t\t<div class=\"elementor-post__meta-data\">\n\t\t\t\t\t<span class=\"elementor-post-date\">\n\t\t\t20 de febrero de 2020\t\t<\/span>\n\t\t\t\t<\/div>\n\t\t\t\t<div class=\"elementor-post__excerpt\">\n\t\t\t<p>Con motivo del 10\u00ba aniversario, la familia JAMA celebr\u00f3 este banquete el 18 de enero. Todos los miembros desean a JAMA un futuro mejor y componen un nuevo cap\u00edtulo en el nuevo viaje. General<\/p>\n\t\t<\/div>\n\t\t\t\t<\/div>\n\t\t\t\t<\/article>\n\t\t\t\t<article class=\"elementor-post elementor-grid-item post-1914 post type-post status-publish format-standard has-post-thumbnail hentry category-news\">\n\t\t\t\t<a class=\"elementor-post__thumbnail__link\" href=\"https:\/\/jamabearing.com\/es\/asistencia-de-jama-companys-a-la-exposicion-internacional-de-la-industria-de-rodamientos-de-china-2018\/\" tabindex=\"-1\" target=\"&quot;_blank&quot;\">\n\t\t\t<div class=\"elementor-post__thumbnail\"><img loading=\"lazy\" decoding=\"async\" width=\"800\" height=\"600\" src=\"https:\/\/jamabearing.com\/wp-content\/uploads\/2025\/04\/2221.webp\" class=\"attachment-medium size-medium wp-image-1919\" alt=\"\" \/><\/div>\n\t\t<\/a>\n\t\t\t\t<div class=\"elementor-post__text\">\n\t\t\t\t<h3 class=\"elementor-post__title\">\n\t\t\t<a href=\"https:\/\/jamabearing.com\/es\/asistencia-de-jama-companys-a-la-exposicion-internacional-de-la-industria-de-rodamientos-de-china-2018\/\" target=\"&quot;_blank&quot;\">\n\t\t\t\tLa asistencia a la Exposici\u00f3n Internacional de la industria de rodamientos de China 2018 de la compa\u00f1\u00eda JAMA\t\t\t<\/a>\n\t\t<\/h3>\n\t\t\t\t<div class=\"elementor-post__meta-data\">\n\t\t\t\t\t<span class=\"elementor-post-date\">\n\t\t\t30 de septiembre de 2018\t\t<\/span>\n\t\t\t\t<\/div>\n\t\t\t\t<div class=\"elementor-post__excerpt\">\n\t\t\t<p>XIAMEN JAMA Bearing Co, LTD asisti\u00f3 a la Exposici\u00f3n Internacional de la Industria de Rodamientos de China 2018 del 18 al 22 de septiembre de 2018.Cerca de 1.000 empresas de todo el mundo y m\u00e1s de 60.000 personas de casa<\/p>\n\t\t<\/div>\n\t\t\t\t<\/div>\n\t\t\t\t<\/article>\n\t\t\t\t<\/div>\n\t\t\t\t\t<span class=\"e-load-more-spinner\">\n\t\t\t\t<svg aria-hidden=\"true\" class=\"e-font-icon-svg e-fas-spinner\" viewbox=\"0 0 512 512\" xmlns=\"http:\/\/www.w3.org\/2000\/svg\"><path d=\"M304 48c0 26.51-21.49 48-48 48s-48-21.49-48-48 21.49-48 48-48 48 21.49 48 48zm-48 368c-26.51 0-48 21.49-48 48s21.49 48 48 48 48-21.49 48-48-21.49-48-48-48zm208-208c-26.51 0-48 21.49-48 48s21.49 48 48 48 48-21.49 48-48-21.49-48-48-48zM96 256c0-26.51-21.49-48-48-48S0 229.49 0 256s21.49 48 48 48 48-21.49 48-48zm12.922 99.078c-26.51 0-48 21.49-48 48s21.49 48 48 48 48-21.49 48-48c0-26.509-21.491-48-48-48zm294.156 0c-26.51 0-48 21.49-48 48s21.49 48 48 48 48-21.49 48-48c0-26.509-21.49-48-48-48zM108.922 60.922c-26.51 0-48 21.49-48 48s21.49 48 48 48 48-21.49 48-48-21.491-48-48-48z\"><\/path><\/svg>\t\t\t<\/span>\n\t\t\n\t\t\t\t\t\t<\/div>\n\t\t\t\t<\/div>\n\t\t\t\t\t<\/div>\n\t\t\t\t<\/div>\n\t\t\t\t<\/div>","protected":false},"excerpt":{"rendered":"<p>NOTICIAS<\/p>","protected":false},"author":1,"featured_media":0,"parent":0,"menu_order":0,"comment_status":"closed","ping_status":"closed","template":"","meta":{"_acf_changed":false,"site-sidebar-layout":"no-sidebar","site-content-layout":"page-builder","ast-site-content-layout":"full-width-container","site-content-style":"default","site-sidebar-style":"default","ast-global-header-display":"","ast-banner-title-visibility":"","ast-main-header-display":"","ast-hfb-above-header-display":"","ast-hfb-below-header-display":"","ast-hfb-mobile-header-display":"","site-post-title":"disabled","ast-breadcrumbs-content":"","ast-featured-img":"disabled","footer-sml-layout":"","theme-transparent-header-meta":"","adv-header-id-meta":"","stick-header-meta":"","header-above-stick-meta":"","header-main-stick-meta":"","header-below-stick-meta":"","astra-migrate-meta-layouts":"set","ast-page-background-enabled":"default","ast-page-background-meta":{"desktop":{"background-color":"","background-image":"","background-repeat":"repeat","background-position":"center center","background-size":"auto","background-attachment":"scroll","background-type":"","background-media":"","overlay-type":"","overlay-color":"","overlay-opacity":"","overlay-gradient":""},"tablet":{"background-color":"","background-image":"","background-repeat":"repeat","background-position":"center center","background-size":"auto","background-attachment":"scroll","background-type":"","background-media":"","overlay-type":"","overlay-color":"","overlay-opacity":"","overlay-gradient":""},"mobile":{"background-color":"","background-image":"","background-repeat":"repeat","background-position":"center center","background-size":"auto","background-attachment":"scroll","background-type":"","background-media":"","overlay-type":"","overlay-color":"","overlay-opacity":"","overlay-gradient":""}},"ast-content-background-meta":{"desktop":{"background-color":"var(--ast-global-color-5)","background-image":"","background-repeat":"repeat","background-position":"center center","background-size":"auto","background-attachment":"scroll","background-type":"","background-media":"","overlay-type":"","overlay-color":"","overlay-opacity":"","overlay-gradient":""},"tablet":{"background-color":"var(--ast-global-color-5)","background-image":"","background-repeat":"repeat","background-position":"center center","background-size":"auto","background-attachment":"scroll","background-type":"","background-media":"","overlay-type":"","overlay-color":"","overlay-opacity":"","overlay-gradient":""},"mobile":{"background-color":"var(--ast-global-color-5)","background-image":"","background-repeat":"repeat","background-position":"center center","background-size":"auto","background-attachment":"scroll","background-type":"","background-media":"","overlay-type":"","overlay-color":"","overlay-opacity":"","overlay-gradient":""}},"footnotes":""},"class_list":["post-1957","page","type-page","status-publish","hentry"],"acf":[],"_links":{"self":[{"href":"https:\/\/jamabearing.com\/es\/wp-json\/wp\/v2\/pages\/1957","targetHints":{"allow":["GET"]}}],"collection":[{"href":"https:\/\/jamabearing.com\/es\/wp-json\/wp\/v2\/pages"}],"about":[{"href":"https:\/\/jamabearing.com\/es\/wp-json\/wp\/v2\/types\/page"}],"author":[{"embeddable":true,"href":"https:\/\/jamabearing.com\/es\/wp-json\/wp\/v2\/users\/1"}],"replies":[{"embeddable":true,"href":"https:\/\/jamabearing.com\/es\/wp-json\/wp\/v2\/comments?post=1957"}],"version-history":[{"count":62,"href":"https:\/\/jamabearing.com\/es\/wp-json\/wp\/v2\/pages\/1957\/revisions"}],"predecessor-version":[{"id":3637,"href":"https:\/\/jamabearing.com\/es\/wp-json\/wp\/v2\/pages\/1957\/revisions\/3637"}],"wp:attachment":[{"href":"https:\/\/jamabearing.com\/es\/wp-json\/wp\/v2\/media?parent=1957"}],"curies":[{"name":"wp","href":"https:\/\/api.w.org\/{rel}","templated":true}]}}